{"id":4619,"date":"2025-05-08T08:04:47","date_gmt":"2025-05-08T08:04:47","guid":{"rendered":"https:\/\/top1oil.com\/product\/evolution-aceite-para-motor-de-auto-api-sq\/"},"modified":"2026-03-19T10:22:49","modified_gmt":"2026-03-19T10:22:49","slug":"evolution-aceite-para-motor-de-auto-api-sq","status":"publish","type":"product","link":"https:\/\/top1oil.com\/es\/producto\/evolution-aceite-para-motor-de-auto-api-sq\/","title":{"rendered":"EVOLUTION &#8211; Aceite para motor de auto\u200b API SQ"},"content":{"rendered":"<p>Experimenta la diferencia con el aceite para motor de auto\u200b <strong>TOP 1 EVOLUTION aceite 100% sint\u00e9tico<\/strong>. Durante el desarrollo y prueba de cada gota, hemos logrado que EVOLUTION PCMO se destaque por su constante b\u00fasqueda de innovaci\u00f3n, desempe\u00f1o y excelencia. Este aceite 100% sint\u00e9tico, dise\u00f1ado para autos de pasajeros con motores a gasolina, est\u00e1 pensado para conductores que exigen lo mejor para su veh\u00edculo. EVOLUTION PCMO es un aceite de motor a gasolina \u00fanico que combina aceites sint\u00e9ticos de alta calidad con el paquete de aditivos m\u00e1s avanzado del mundo para ofrecer el m\u00e1ximo rendimiento. Ofrece estabilidad t\u00e9rmica excepcional, durabilidad, m\u00e1xima protecci\u00f3n contra el desgaste y superior resistencia a la oxidaci\u00f3n. Adem\u00e1s, sus dispersantes y detergentes avanzados garantizan una limpieza sobresaliente en todas las condiciones durante todo el a\u00f1o, ayudando a que tu motor dure m\u00e1s y reduciendo los costos de mantenimiento.     <\/p>\n","protected":false},"excerpt":{"rendered":"<p>Experimenta la diferencia con el aceite para motor de auto\u200b TOP 1 EVOLUTION aceite 100% sint\u00e9tico. Durante el desarrollo y prueba de cada gota, hemos logrado que EVOLUTION PCMO se destaque por su constante b\u00fasqueda de innovaci\u00f3n, desempe\u00f1o y excelencia. Este aceite 100% sint\u00e9tico, dise\u00f1ado para autos de pasajeros con motores a gasolina, est\u00e1 pensado [&hellip;]<\/p>\n","protected":false},"featured_media":2360,"template":"","meta":{"_acf_changed":false},"product_brand":[],"product_cat":[208],"product_tag":[],"class_list":{"0":"post-4619","1":"product","2":"type-product","3":"status-publish","4":"has-post-thumbnail","6":"product_cat-aceite-para-auto","8":"first","9":"instock","10":"shipping-taxable","11":"product-type-simple"},"acf":[],"_links":{"self":[{"href":"https:\/\/top1oil.com\/es\/wp-json\/wp\/v2\/product\/4619","targetHints":{"allow":["GET"]}}],"collection":[{"href":"https:\/\/top1oil.com\/es\/wp-json\/wp\/v2\/product"}],"about":[{"href":"https:\/\/top1oil.com\/es\/wp-json\/wp\/v2\/types\/product"}],"wp:featuredmedia":[{"embeddable":true,"href":"https:\/\/top1oil.com\/es\/wp-json\/wp\/v2\/media\/2360"}],"wp:attachment":[{"href":"https:\/\/top1oil.com\/es\/wp-json\/wp\/v2\/media?parent=4619"}],"wp:term":[{"taxonomy":"product_brand","embeddable":true,"href":"https:\/\/top1oil.com\/es\/wp-json\/wp\/v2\/product_brand?post=4619"},{"taxonomy":"product_cat","embeddable":true,"href":"https:\/\/top1oil.com\/es\/wp-json\/wp\/v2\/product_cat?post=4619"},{"taxonomy":"product_tag","embeddable":true,"href":"https:\/\/top1oil.com\/es\/wp-json\/wp\/v2\/product_tag?post=4619"}],"curies":[{"name":"wp","href":"https:\/\/api.w.org\/{rel}","templated":true}]}}