{"id":4625,"date":"2025-07-22T21:05:28","date_gmt":"2025-07-22T21:05:28","guid":{"rendered":"https:\/\/top1oil.com\/product\/evolution-pro-aceite-para-motor-de-auto-0w-20-api-sq\/"},"modified":"2025-07-22T21:05:28","modified_gmt":"2025-07-22T21:05:28","slug":"evolution-pro-aceite-para-motor-de-auto-0w-20-api-sq","status":"publish","type":"product","link":"https:\/\/top1oil.com\/es\/producto\/evolution-pro-aceite-para-motor-de-auto-0w-20-api-sq\/","title":{"rendered":"EVOLUTION PRO &#8211; Aceite para motor de auto 0W-20 API SQ"},"content":{"rendered":"<p>Libera todo el potencial de tu motor con <strong>EVOLUTION PRO, aceite para motor de auto 0W-20 API SQ 100\u202f% sint\u00e9tico<\/strong>. Esto no es solo un aceite; es el resultado de una innovaci\u00f3n constante y de la b\u00fasqueda de la excelencia en cada gota, dise\u00f1ado con el paquete de aditivos m\u00e1s avanzado del mundo para ofrecer m\u00e1ximo rendimiento, durabilidad excepcional, protecci\u00f3n total y limpieza superior en condiciones extremas. <\/p>\n","protected":false},"excerpt":{"rendered":"<p>Libera todo el potencial de tu motor con EVOLUTION PRO, aceite para motor de auto 0W-20 API SQ 100\u202f% sint\u00e9tico. Esto no es solo un aceite; es el resultado de una innovaci\u00f3n constante y de la b\u00fasqueda de la excelencia en cada gota, dise\u00f1ado con el paquete de aditivos m\u00e1s avanzado del mundo para ofrecer [&hellip;]<\/p>\n","protected":false},"featured_media":2642,"template":"","meta":{"_acf_changed":false},"product_brand":[],"product_cat":[208],"product_tag":[],"class_list":{"0":"post-4625","1":"product","2":"type-product","3":"status-publish","4":"has-post-thumbnail","6":"product_cat-aceite-para-auto","8":"first","9":"instock","10":"shipping-taxable","11":"product-type-simple"},"acf":[],"_links":{"self":[{"href":"https:\/\/top1oil.com\/es\/wp-json\/wp\/v2\/product\/4625","targetHints":{"allow":["GET"]}}],"collection":[{"href":"https:\/\/top1oil.com\/es\/wp-json\/wp\/v2\/product"}],"about":[{"href":"https:\/\/top1oil.com\/es\/wp-json\/wp\/v2\/types\/product"}],"wp:featuredmedia":[{"embeddable":true,"href":"https:\/\/top1oil.com\/es\/wp-json\/wp\/v2\/media\/2642"}],"wp:attachment":[{"href":"https:\/\/top1oil.com\/es\/wp-json\/wp\/v2\/media?parent=4625"}],"wp:term":[{"taxonomy":"product_brand","embeddable":true,"href":"https:\/\/top1oil.com\/es\/wp-json\/wp\/v2\/product_brand?post=4625"},{"taxonomy":"product_cat","embeddable":true,"href":"https:\/\/top1oil.com\/es\/wp-json\/wp\/v2\/product_cat?post=4625"},{"taxonomy":"product_tag","embeddable":true,"href":"https:\/\/top1oil.com\/es\/wp-json\/wp\/v2\/product_tag?post=4625"}],"curies":[{"name":"wp","href":"https:\/\/api.w.org\/{rel}","templated":true}]}}