{"id":4630,"date":"2025-05-08T09:12:24","date_gmt":"2025-05-08T09:12:24","guid":{"rendered":"https:\/\/top1oil.com\/product\/hp-aceite-para-motor-de-auto-20w-50-api-sq\/"},"modified":"2025-05-08T09:12:24","modified_gmt":"2025-05-08T09:12:24","slug":"hp-aceite-para-motor-de-auto-20w-50-api-sq","status":"publish","type":"product","link":"https:\/\/top1oil.com\/es\/producto\/hp-aceite-para-motor-de-auto-20w-50-api-sq\/","title":{"rendered":"HP &#8211; Aceite para motor de auto 20W-50 API SQ"},"content":{"rendered":"<p>En TOP 1 Oil creemos en la innovaci\u00f3n, el rendimiento y la excelencia. Eso es exactamente lo que obtienes con TOP 1 HP, <strong>aceite para motor de auto API SQ<\/strong>. Es un 20W-50 semisint\u00e9tico para autos de pasajeros. Hemos formulado este aceite premium con aditivos especiales de \u00faltima generaci\u00f3n para brindar una protecci\u00f3n superior contra el desgaste de tu motor moderno.  <\/p>\n<p>Impulsado por nuestro compromiso con la calidad y la confiabilidad, <b>TOP 1 HP 20W-50<\/b> est\u00e1 reforzado con <b>detergentes y dispersantes avanzados<\/b>, lo que mantiene tu motor excepcionalmente limpio, libre de dep\u00f3sitos da\u00f1inos, mientras reduce significativamente el desgaste, la fricci\u00f3n y combate el calor extremo. Hemos incorporado aditivos de alto desempe\u00f1o, incluidos inhibidores de corrosi\u00f3n, antioxidantes y protectores contra el \u00f3xido, para ofrecer una estabilidad superior frente a la oxidaci\u00f3n. Esta protecci\u00f3n integral protege tu motor contra el espesamiento del aceite, la acumulaci\u00f3n de lodos y dep\u00f3sitos de barniz, asegurando su longevidad y m\u00e1ximo rendimiento.  <\/p>\n","protected":false},"excerpt":{"rendered":"<p>En TOP 1 Oil creemos en la innovaci\u00f3n, el rendimiento y la excelencia. Eso es exactamente lo que obtienes con TOP 1 HP, aceite para motor de auto API SQ. Es un 20W-50 semisint\u00e9tico para autos de pasajeros. Hemos formulado este aceite premium con aditivos especiales de \u00faltima generaci\u00f3n para brindar una protecci\u00f3n superior contra [&hellip;]<\/p>\n","protected":false},"featured_media":2400,"template":"","meta":{"_acf_changed":false},"product_brand":[],"product_cat":[208],"product_tag":[],"class_list":{"0":"post-4630","1":"product","2":"type-product","3":"status-publish","4":"has-post-thumbnail","6":"product_cat-aceite-para-auto","8":"first","9":"instock","10":"shipping-taxable","11":"product-type-simple"},"acf":[],"_links":{"self":[{"href":"https:\/\/top1oil.com\/es\/wp-json\/wp\/v2\/product\/4630","targetHints":{"allow":["GET"]}}],"collection":[{"href":"https:\/\/top1oil.com\/es\/wp-json\/wp\/v2\/product"}],"about":[{"href":"https:\/\/top1oil.com\/es\/wp-json\/wp\/v2\/types\/product"}],"wp:featuredmedia":[{"embeddable":true,"href":"https:\/\/top1oil.com\/es\/wp-json\/wp\/v2\/media\/2400"}],"wp:attachment":[{"href":"https:\/\/top1oil.com\/es\/wp-json\/wp\/v2\/media?parent=4630"}],"wp:term":[{"taxonomy":"product_brand","embeddable":true,"href":"https:\/\/top1oil.com\/es\/wp-json\/wp\/v2\/product_brand?post=4630"},{"taxonomy":"product_cat","embeddable":true,"href":"https:\/\/top1oil.com\/es\/wp-json\/wp\/v2\/product_cat?post=4630"},{"taxonomy":"product_tag","embeddable":true,"href":"https:\/\/top1oil.com\/es\/wp-json\/wp\/v2\/product_tag?post=4630"}],"curies":[{"name":"wp","href":"https:\/\/api.w.org\/{rel}","templated":true}]}}