{"id":4636,"date":"2025-05-08T09:06:23","date_gmt":"2025-05-08T09:06:23","guid":{"rendered":"https:\/\/top1oil.com\/product\/hp-plus-aceite-para-motor-de-auto-api-sq\/"},"modified":"2025-05-08T09:06:23","modified_gmt":"2025-05-08T09:06:23","slug":"hp-plus-aceite-para-motor-de-auto-api-sq","status":"publish","type":"product","link":"https:\/\/top1oil.com\/es\/producto\/hp-plus-aceite-para-motor-de-auto-api-sq\/","title":{"rendered":"HP PLUS &#8211; Aceite para motor de auto\u200b API SQ"},"content":{"rendered":"<p>Experimenta la diferencia confiable con el aceite semisint\u00e9tico <strong>TOP 1 HP PLUS aceite para motor de auto<\/strong>. Es semisint\u00e9tico, dise\u00f1ado para <strong>autos de pasajeros con motores a gasolina<\/strong>, HP PLUS est\u00e1 formulado con materiales de alta calidad y aditivos especiales para redefinir la protecci\u00f3n. Este aceite superior reduce el desgaste del motor, minimiza la fricci\u00f3n y combate el calor extremo. Gracias a la <strong>tecnolog\u00eda de aditivos MO3 <\/strong>de TOP 1, tu motor est\u00e1 protegido desde la ignici\u00f3n y m\u00e1s all\u00e1, garantizando un rendimiento m\u00e1ximo.   <\/p>\n","protected":false},"excerpt":{"rendered":"<p>Experimenta la diferencia confiable con el aceite semisint\u00e9tico TOP 1 HP PLUS aceite para motor de auto. Es semisint\u00e9tico, dise\u00f1ado para autos de pasajeros con motores a gasolina, HP PLUS est\u00e1 formulado con materiales de alta calidad y aditivos especiales para redefinir la protecci\u00f3n. Este aceite superior reduce el desgaste del motor, minimiza la fricci\u00f3n [&hellip;]<\/p>\n","protected":false},"featured_media":2395,"template":"","meta":{"_acf_changed":false},"product_brand":[],"product_cat":[208],"product_tag":[],"class_list":{"0":"post-4636","1":"product","2":"type-product","3":"status-publish","4":"has-post-thumbnail","6":"product_cat-aceite-para-auto","8":"first","9":"instock","10":"shipping-taxable","11":"product-type-simple"},"acf":[],"_links":{"self":[{"href":"https:\/\/top1oil.com\/es\/wp-json\/wp\/v2\/product\/4636","targetHints":{"allow":["GET"]}}],"collection":[{"href":"https:\/\/top1oil.com\/es\/wp-json\/wp\/v2\/product"}],"about":[{"href":"https:\/\/top1oil.com\/es\/wp-json\/wp\/v2\/types\/product"}],"wp:featuredmedia":[{"embeddable":true,"href":"https:\/\/top1oil.com\/es\/wp-json\/wp\/v2\/media\/2395"}],"wp:attachment":[{"href":"https:\/\/top1oil.com\/es\/wp-json\/wp\/v2\/media?parent=4636"}],"wp:term":[{"taxonomy":"product_brand","embeddable":true,"href":"https:\/\/top1oil.com\/es\/wp-json\/wp\/v2\/product_brand?post=4636"},{"taxonomy":"product_cat","embeddable":true,"href":"https:\/\/top1oil.com\/es\/wp-json\/wp\/v2\/product_cat?post=4636"},{"taxonomy":"product_tag","embeddable":true,"href":"https:\/\/top1oil.com\/es\/wp-json\/wp\/v2\/product_tag?post=4636"}],"curies":[{"name":"wp","href":"https:\/\/api.w.org\/{rel}","templated":true}]}}