{"id":4639,"date":"2025-05-02T15:27:35","date_gmt":"2025-05-02T15:27:35","guid":{"rendered":"https:\/\/top1oil.com\/product\/pc-power-booster-limpiador-de-sistema-de-combustible-para-auto\/"},"modified":"2025-05-02T15:27:35","modified_gmt":"2025-05-02T15:27:35","slug":"pc-power-booster-limpiador-de-sistema-de-combustible-para-auto","status":"publish","type":"product","link":"https:\/\/top1oil.com\/es\/producto\/pc-power-booster-limpiador-de-sistema-de-combustible-para-auto\/","title":{"rendered":"PC Power Booster &#8211; Limpiador de sistema de combustible para auto"},"content":{"rendered":"<div class=\"wpb_column vc_column_container vc_col-sm-6\">\n<div class=\"vc_column-inner\">\n<div class=\"wpb_wrapper\">\n<div class=\"wpb_text_column wpb_content_element \">\n<div class=\"wpb_wrapper\">\n<p><strong>El limpiador de sistema de combustible PC POWER BOOSTER <\/strong>est\u00e1 formulado con potenciadores de energ\u00eda y reductores de emisiones tecnol\u00f3gicamente avanzados. Est\u00e1 dise\u00f1ado para <strong>limpiar y mantener todo el sistema de combustible de tu veh\u00edculo y mejorar su rendimiento<\/strong>. Una sola aplicaci\u00f3n de POWER BOOSTER limpia todo el sistema de combustible, incluyendo inyectores, carburador, v\u00e1lvulas de admisi\u00f3n y colector de admisi\u00f3n. El mismo tratamiento tambi\u00e9n puede mantener limpia la c\u00e1mara de combusti\u00f3n.   <\/p>\n<\/div>\n<\/div>\n<\/div>\n<\/div>\n<\/div>\n","protected":false},"excerpt":{"rendered":"<p>El limpiador de sistema de combustible PC POWER BOOSTER est\u00e1 formulado con potenciadores de energ\u00eda y reductores de emisiones tecnol\u00f3gicamente avanzados. Est\u00e1 dise\u00f1ado para limpiar y mantener todo el sistema de combustible de tu veh\u00edculo y mejorar su rendimiento. Una sola aplicaci\u00f3n de POWER BOOSTER limpia todo el sistema de combustible, incluyendo inyectores, carburador, v\u00e1lvulas [&hellip;]<\/p>\n","protected":false},"featured_media":2459,"template":"","meta":{"_acf_changed":false},"product_brand":[],"product_cat":[196,208],"product_tag":[],"class_list":{"0":"post-4639","1":"product","2":"type-product","3":"status-publish","4":"has-post-thumbnail","6":"product_cat-aditivos","7":"product_cat-aceite-para-auto","9":"first","10":"instock","11":"shipping-taxable","12":"product-type-simple"},"acf":[],"_links":{"self":[{"href":"https:\/\/top1oil.com\/es\/wp-json\/wp\/v2\/product\/4639","targetHints":{"allow":["GET"]}}],"collection":[{"href":"https:\/\/top1oil.com\/es\/wp-json\/wp\/v2\/product"}],"about":[{"href":"https:\/\/top1oil.com\/es\/wp-json\/wp\/v2\/types\/product"}],"wp:featuredmedia":[{"embeddable":true,"href":"https:\/\/top1oil.com\/es\/wp-json\/wp\/v2\/media\/2459"}],"wp:attachment":[{"href":"https:\/\/top1oil.com\/es\/wp-json\/wp\/v2\/media?parent=4639"}],"wp:term":[{"taxonomy":"product_brand","embeddable":true,"href":"https:\/\/top1oil.com\/es\/wp-json\/wp\/v2\/product_brand?post=4639"},{"taxonomy":"product_cat","embeddable":true,"href":"https:\/\/top1oil.com\/es\/wp-json\/wp\/v2\/product_cat?post=4639"},{"taxonomy":"product_tag","embeddable":true,"href":"https:\/\/top1oil.com\/es\/wp-json\/wp\/v2\/product_tag?post=4639"}],"curies":[{"name":"wp","href":"https:\/\/api.w.org\/{rel}","templated":true}]}}