{"id":4642,"date":"2025-05-07T10:21:55","date_gmt":"2025-05-07T10:21:55","guid":{"rendered":"https:\/\/top1oil.com\/product\/action-aceite-para-moto-4-tiempos-20w-50\/"},"modified":"2026-04-06T09:21:07","modified_gmt":"2026-04-06T09:21:07","slug":"action-aceite-para-moto-4-tiempos-20w-50","status":"publish","type":"product","link":"https:\/\/top1oil.com\/es\/producto\/action-aceite-para-moto-4-tiempos-20w-50\/","title":{"rendered":"ACTION &#8211; Aceite para moto 4-tiempos\u200b 20W-50"},"content":{"rendered":"<p>TOP 1 ACTION, aceite para moto 4-tiempos 20W-50 semisint\u00e9tico para motores a gasolina, est\u00e1 dise\u00f1ado para satisfacer las necesidades de las motocicletas 4T m\u00e1s avanzadas. ACTION contiene aditivos exclusivos que brindan mayor rendimiento y protecci\u00f3n. Ofrece m\u00e1xima protecci\u00f3n contra degradaci\u00f3n t\u00e9rmica y de viscosidad, rayado de cilindros y formaci\u00f3n de dep\u00f3sitos a altas temperaturas, resultando en una lubricaci\u00f3n consistente y mayor resistencia de la pel\u00edcula de aceite para prolongar la vida del motor. Formulado espec\u00edficamente para cumplir con las demandas de motores peque\u00f1os, de altas RPM y eficientes en combustible, presentes en las motocicletas nacionales e importadas de hoy.<\/p>\n","protected":false},"excerpt":{"rendered":"<p>TOP 1 ACTION, aceite para moto 4-tiempos 20W-50 semisint\u00e9tico para motores a gasolina, est\u00e1 dise\u00f1ado para satisfacer las necesidades de las motocicletas 4T m\u00e1s avanzadas. ACTION contiene aditivos exclusivos que brindan mayor rendimiento y protecci\u00f3n. Ofrece m\u00e1xima protecci\u00f3n contra degradaci\u00f3n t\u00e9rmica y de viscosidad, rayado de cilindros y formaci\u00f3n de dep\u00f3sitos a altas temperaturas, resultando [&hellip;]<\/p>\n","protected":false},"featured_media":4644,"template":"","meta":{"_acf_changed":false},"product_brand":[],"product_cat":[213,60],"product_tag":[],"class_list":{"0":"post-4642","1":"product","2":"type-product","3":"status-publish","4":"has-post-thumbnail","6":"product_cat-motocicleta","7":"product_cat-aftermarket-additives","9":"first","10":"instock","11":"shipping-taxable","12":"product-type-simple"},"acf":[],"_links":{"self":[{"href":"https:\/\/top1oil.com\/es\/wp-json\/wp\/v2\/product\/4642","targetHints":{"allow":["GET"]}}],"collection":[{"href":"https:\/\/top1oil.com\/es\/wp-json\/wp\/v2\/product"}],"about":[{"href":"https:\/\/top1oil.com\/es\/wp-json\/wp\/v2\/types\/product"}],"wp:featuredmedia":[{"embeddable":true,"href":"https:\/\/top1oil.com\/es\/wp-json\/wp\/v2\/media\/4644"}],"wp:attachment":[{"href":"https:\/\/top1oil.com\/es\/wp-json\/wp\/v2\/media?parent=4642"}],"wp:term":[{"taxonomy":"product_brand","embeddable":true,"href":"https:\/\/top1oil.com\/es\/wp-json\/wp\/v2\/product_brand?post=4642"},{"taxonomy":"product_cat","embeddable":true,"href":"https:\/\/top1oil.com\/es\/wp-json\/wp\/v2\/product_cat?post=4642"},{"taxonomy":"product_tag","embeddable":true,"href":"https:\/\/top1oil.com\/es\/wp-json\/wp\/v2\/product_tag?post=4642"}],"curies":[{"name":"wp","href":"https:\/\/api.w.org\/{rel}","templated":true}]}}