{"id":4649,"date":"2025-05-07T10:12:34","date_gmt":"2025-05-07T10:12:34","guid":{"rendered":"https:\/\/top1oil.com\/product\/evolution-matic-aceite-para-scooter-4-tiempos\/"},"modified":"2026-03-20T07:46:14","modified_gmt":"2026-03-20T07:46:14","slug":"evolution-matic-aceite-para-scooter-4-tiempos","status":"publish","type":"product","link":"https:\/\/top1oil.com\/es\/producto\/evolution-matic-aceite-para-scooter-4-tiempos\/","title":{"rendered":"EVOLUTION MATIC &#8211; Aceite para scooter 4-tiempos"},"content":{"rendered":"<p>EVOLUTION MATIC es un aceite para scooter 10W-30 100\u202f% sint\u00e9tico para 4T de alto rendimiento dise\u00f1ado para cumplir con los \u00faltimos requerimientos de fabricantes de scooters que especifican lubricantes JASO MB. EVOLUTION MATIC es un aceite 100% sint\u00e9tico que protege contra la oxidaci\u00f3n, el desgaste y la degradaci\u00f3n de viscosidad. Contiene modificadores de viscosidad estables al corte extremo y un paquete de aditivos avanzado que ofrece un manejo EXTRA SUAVE y largos intervalos de cambio.  <\/p>\n","protected":false},"excerpt":{"rendered":"<p>EVOLUTION MATIC es un aceite para scooter 10W-30 100\u202f% sint\u00e9tico para 4T de alto rendimiento dise\u00f1ado para cumplir con los \u00faltimos requerimientos de fabricantes de scooters que especifican lubricantes JASO MB. EVOLUTION MATIC es un aceite 100% sint\u00e9tico que protege contra la oxidaci\u00f3n, el desgaste y la degradaci\u00f3n de viscosidad. Contiene modificadores de viscosidad estables [&hellip;]<\/p>\n","protected":false},"featured_media":2443,"template":"","meta":{"_acf_changed":false},"product_brand":[],"product_cat":[213],"product_tag":[],"class_list":{"0":"post-4649","1":"product","2":"type-product","3":"status-publish","4":"has-post-thumbnail","6":"product_cat-motocicleta","8":"first","9":"instock","10":"shipping-taxable","11":"product-type-simple"},"acf":[],"_links":{"self":[{"href":"https:\/\/top1oil.com\/es\/wp-json\/wp\/v2\/product\/4649","targetHints":{"allow":["GET"]}}],"collection":[{"href":"https:\/\/top1oil.com\/es\/wp-json\/wp\/v2\/product"}],"about":[{"href":"https:\/\/top1oil.com\/es\/wp-json\/wp\/v2\/types\/product"}],"wp:featuredmedia":[{"embeddable":true,"href":"https:\/\/top1oil.com\/es\/wp-json\/wp\/v2\/media\/2443"}],"wp:attachment":[{"href":"https:\/\/top1oil.com\/es\/wp-json\/wp\/v2\/media?parent=4649"}],"wp:term":[{"taxonomy":"product_brand","embeddable":true,"href":"https:\/\/top1oil.com\/es\/wp-json\/wp\/v2\/product_brand?post=4649"},{"taxonomy":"product_cat","embeddable":true,"href":"https:\/\/top1oil.com\/es\/wp-json\/wp\/v2\/product_cat?post=4649"},{"taxonomy":"product_tag","embeddable":true,"href":"https:\/\/top1oil.com\/es\/wp-json\/wp\/v2\/product_tag?post=4649"}],"curies":[{"name":"wp","href":"https:\/\/api.w.org\/{rel}","templated":true}]}}