{"id":4651,"date":"2025-05-07T10:21:10","date_gmt":"2025-05-07T10:21:10","guid":{"rendered":"https:\/\/top1oil.com\/product\/action-matic-aceite-para-scooter-4-tiempos\/"},"modified":"2026-04-01T15:06:13","modified_gmt":"2026-04-01T15:06:13","slug":"action-matic-aceite-para-scooter-4-tiempos","status":"publish","type":"product","link":"https:\/\/top1oil.com\/es\/producto\/action-matic-aceite-para-scooter-4-tiempos\/","title":{"rendered":"ACTION MATIC &#8211; Aceite para scooter 4-tiempos"},"content":{"rendered":"<p>TOP 1 ACTION MATIC es un aceite para scooter 4-tiempos. Es un semisint\u00e9tico de moto 4T de alta calidad premium, formulado espec\u00edficamente para motores autom\u00e1ticos modernos. Fortalecido con nuestra qu\u00edmica de aditivos exclusiva, este producto brinda protecci\u00f3n adicional frente a altas temperaturas. Nuestra tecnolog\u00eda avanzada reduce el coeficiente de fricci\u00f3n del aceite y ofrece resistencia superior a la oxidaci\u00f3n. El uso continuo de este producto asegura m\u00e1xima potencia y protecci\u00f3n.<\/p>\n","protected":false},"excerpt":{"rendered":"<p>TOP 1 ACTION MATIC es un aceite para scooter 4-tiempos. Es un semisint\u00e9tico de moto 4T de alta calidad premium, formulado espec\u00edficamente para motores autom\u00e1ticos modernos. Fortalecido con nuestra qu\u00edmica de aditivos exclusiva, este producto brinda protecci\u00f3n adicional frente a altas temperaturas. Nuestra tecnolog\u00eda avanzada reduce el coeficiente de fricci\u00f3n del aceite y ofrece resistencia [&hellip;]<\/p>\n","protected":false},"featured_media":3158,"template":"","meta":{"_acf_changed":false},"product_brand":[],"product_cat":[213],"product_tag":[],"class_list":{"0":"post-4651","1":"product","2":"type-product","3":"status-publish","4":"has-post-thumbnail","6":"product_cat-motocicleta","8":"first","9":"instock","10":"shipping-taxable","11":"product-type-simple"},"acf":[],"_links":{"self":[{"href":"https:\/\/top1oil.com\/es\/wp-json\/wp\/v2\/product\/4651","targetHints":{"allow":["GET"]}}],"collection":[{"href":"https:\/\/top1oil.com\/es\/wp-json\/wp\/v2\/product"}],"about":[{"href":"https:\/\/top1oil.com\/es\/wp-json\/wp\/v2\/types\/product"}],"wp:featuredmedia":[{"embeddable":true,"href":"https:\/\/top1oil.com\/es\/wp-json\/wp\/v2\/media\/3158"}],"wp:attachment":[{"href":"https:\/\/top1oil.com\/es\/wp-json\/wp\/v2\/media?parent=4651"}],"wp:term":[{"taxonomy":"product_brand","embeddable":true,"href":"https:\/\/top1oil.com\/es\/wp-json\/wp\/v2\/product_brand?post=4651"},{"taxonomy":"product_cat","embeddable":true,"href":"https:\/\/top1oil.com\/es\/wp-json\/wp\/v2\/product_cat?post=4651"},{"taxonomy":"product_tag","embeddable":true,"href":"https:\/\/top1oil.com\/es\/wp-json\/wp\/v2\/product_tag?post=4651"}],"curies":[{"name":"wp","href":"https:\/\/api.w.org\/{rel}","templated":true}]}}