{"id":4656,"date":"2025-05-07T10:15:13","date_gmt":"2025-05-07T10:15:13","guid":{"rendered":"https:\/\/top1oil.com\/product\/action-plus-aceite-para-moto-4-tiempos-10w-40\/"},"modified":"2025-05-07T10:15:13","modified_gmt":"2025-05-07T10:15:13","slug":"action-plus-aceite-para-moto-4-tiempos-10w-40","status":"publish","type":"product","link":"https:\/\/top1oil.com\/es\/producto\/action-plus-aceite-para-moto-4-tiempos-10w-40\/","title":{"rendered":"ACTION PLUS &#8211; aceite para moto 4-tiempos\u200b 10W-40"},"content":{"rendered":"<p>TOP 1 ACTION PLUS es un aceite para moto 4-tiempos 10W-40. Es un semisint\u00e9tico para motocicletas, dise\u00f1ado para satisfacer las necesidades de los motores 4T m\u00e1s avanzados. ACTION PLUS est\u00e1 formulado con nuestro aceite base SYNGEN 2000 de clase mundial y reforzado con nuestro paquete de aditivos m\u00e1s reciente. Ofrece m\u00e1xima protecci\u00f3n frente a degradaci\u00f3n t\u00e9rmica y de viscosidad, rayado de cilindros y formaci\u00f3n de dep\u00f3sitos a altas temperaturas, asegurando lubricaci\u00f3n constante y mayor resistencia de la pel\u00edcula de aceite para prolongar la vida del motor.  <\/p>\n","protected":false},"excerpt":{"rendered":"<p>TOP 1 ACTION PLUS es un aceite para moto 4-tiempos 10W-40. Es un semisint\u00e9tico para motocicletas, dise\u00f1ado para satisfacer las necesidades de los motores 4T m\u00e1s avanzados. ACTION PLUS est\u00e1 formulado con nuestro aceite base SYNGEN 2000 de clase mundial y reforzado con nuestro paquete de aditivos m\u00e1s reciente. Ofrece m\u00e1xima protecci\u00f3n frente a degradaci\u00f3n [&hellip;]<\/p>\n","protected":false},"featured_media":2416,"template":"","meta":{"_acf_changed":false},"product_brand":[],"product_cat":[213],"product_tag":[],"class_list":{"0":"post-4656","1":"product","2":"type-product","3":"status-publish","4":"has-post-thumbnail","6":"product_cat-motocicleta","8":"first","9":"instock","10":"shipping-taxable","11":"product-type-simple"},"acf":[],"_links":{"self":[{"href":"https:\/\/top1oil.com\/es\/wp-json\/wp\/v2\/product\/4656","targetHints":{"allow":["GET"]}}],"collection":[{"href":"https:\/\/top1oil.com\/es\/wp-json\/wp\/v2\/product"}],"about":[{"href":"https:\/\/top1oil.com\/es\/wp-json\/wp\/v2\/types\/product"}],"wp:featuredmedia":[{"embeddable":true,"href":"https:\/\/top1oil.com\/es\/wp-json\/wp\/v2\/media\/2416"}],"wp:attachment":[{"href":"https:\/\/top1oil.com\/es\/wp-json\/wp\/v2\/media?parent=4656"}],"wp:term":[{"taxonomy":"product_brand","embeddable":true,"href":"https:\/\/top1oil.com\/es\/wp-json\/wp\/v2\/product_brand?post=4656"},{"taxonomy":"product_cat","embeddable":true,"href":"https:\/\/top1oil.com\/es\/wp-json\/wp\/v2\/product_cat?post=4656"},{"taxonomy":"product_tag","embeddable":true,"href":"https:\/\/top1oil.com\/es\/wp-json\/wp\/v2\/product_tag?post=4656"}],"curies":[{"name":"wp","href":"https:\/\/api.w.org\/{rel}","templated":true}]}}