{"id":4663,"date":"2025-05-07T10:09:36","date_gmt":"2025-05-07T10:09:36","guid":{"rendered":"https:\/\/top1oil.com\/product\/evolution-moto-aceite-para-moto-4-tiempos\/"},"modified":"2025-05-07T10:09:36","modified_gmt":"2025-05-07T10:09:36","slug":"evolution-moto-aceite-para-moto-4-tiempos","status":"publish","type":"product","link":"https:\/\/top1oil.com\/es\/producto\/evolution-moto-aceite-para-moto-4-tiempos\/","title":{"rendered":"EVOLUTION MOTO &#8211; Aceite para moto 4-tiempos\u200b"},"content":{"rendered":"<p>Experimenta la excelencia del aceite para moto 4-tiempos. Es 100% sint\u00e9tico, TOP 1 EVOLUTION MOTO, para motocicletas. Dise\u00f1ado para cumplir con las exigencias m\u00e1s estrictas de las motocicletas 4T m\u00e1s avanzadas, EVOLUTION MOTO refleja nuestra dedicaci\u00f3n a la confiabilidad. Su formulaci\u00f3n especializada mejora significativamente el rendimiento del motor y maximiza la econom\u00eda de combustible, asegurando una conducci\u00f3n potente y eficiente de manera constante.  <\/p>\n","protected":false},"excerpt":{"rendered":"<p>Experimenta la excelencia del aceite para moto 4-tiempos. Es 100% sint\u00e9tico, TOP 1 EVOLUTION MOTO, para motocicletas. Dise\u00f1ado para cumplir con las exigencias m\u00e1s estrictas de las motocicletas 4T m\u00e1s avanzadas, EVOLUTION MOTO refleja nuestra dedicaci\u00f3n a la confiabilidad. Su formulaci\u00f3n especializada mejora significativamente el rendimiento del motor y maximiza la econom\u00eda de combustible, asegurando [&hellip;]<\/p>\n","protected":false},"featured_media":3168,"template":"","meta":{"_acf_changed":false},"product_brand":[],"product_cat":[213],"product_tag":[],"class_list":{"0":"post-4663","1":"product","2":"type-product","3":"status-publish","4":"has-post-thumbnail","6":"product_cat-motocicleta","8":"first","9":"instock","10":"shipping-taxable","11":"product-type-simple"},"acf":[],"_links":{"self":[{"href":"https:\/\/top1oil.com\/es\/wp-json\/wp\/v2\/product\/4663","targetHints":{"allow":["GET"]}}],"collection":[{"href":"https:\/\/top1oil.com\/es\/wp-json\/wp\/v2\/product"}],"about":[{"href":"https:\/\/top1oil.com\/es\/wp-json\/wp\/v2\/types\/product"}],"wp:featuredmedia":[{"embeddable":true,"href":"https:\/\/top1oil.com\/es\/wp-json\/wp\/v2\/media\/3168"}],"wp:attachment":[{"href":"https:\/\/top1oil.com\/es\/wp-json\/wp\/v2\/media?parent=4663"}],"wp:term":[{"taxonomy":"product_brand","embeddable":true,"href":"https:\/\/top1oil.com\/es\/wp-json\/wp\/v2\/product_brand?post=4663"},{"taxonomy":"product_cat","embeddable":true,"href":"https:\/\/top1oil.com\/es\/wp-json\/wp\/v2\/product_cat?post=4663"},{"taxonomy":"product_tag","embeddable":true,"href":"https:\/\/top1oil.com\/es\/wp-json\/wp\/v2\/product_tag?post=4663"}],"curies":[{"name":"wp","href":"https:\/\/api.w.org\/{rel}","templated":true}]}}