{"id":4671,"date":"2025-05-02T15:24:36","date_gmt":"2025-05-02T15:24:36","guid":{"rendered":"https:\/\/top1oil.com\/product\/mc-power-booster-limpiador-de-sistema-de-combustible-para-motocicletas\/"},"modified":"2025-05-02T15:24:36","modified_gmt":"2025-05-02T15:24:36","slug":"mc-power-booster-limpiador-de-sistema-de-combustible-para-motocicletas","status":"publish","type":"product","link":"https:\/\/top1oil.com\/es\/producto\/mc-power-booster-limpiador-de-sistema-de-combustible-para-motocicletas\/","title":{"rendered":"MC Power Booster &#8211; Limpiador de sistema de combustible para motocicletas"},"content":{"rendered":"<p>TOP 1 MC POWER BOOSTER, limpiador de sistema de combustible para motocicletas, est\u00e1 especialmente formulado para motos y scooters para aumentar la potencia y el rendimiento del motor, reducir costos de mantenimiento y prolongar la vida \u00fatil del motor. Este producto ha sido desarrollado espec\u00edficamente para motocicletas con sistemas de combustible common rail, considerando la calidad del combustible local. Mejora la eficiencia de combusti\u00f3n, la calidad general del combustible, optimiza la limpieza y lubricaci\u00f3n de la gasolina, y promueve un mantenimiento prolongado mediante el uso adecuado. Con su uso, no solo se ahorran combustible y mantenimiento, sino que tambi\u00e9n se experimenta una aceleraci\u00f3n m\u00e1s suave mientras el motor opera en condiciones \u00f3ptimas por m\u00e1s tiempo.   <\/p>\n","protected":false},"excerpt":{"rendered":"<p>TOP 1 MC POWER BOOSTER, limpiador de sistema de combustible para motocicletas, est\u00e1 especialmente formulado para motos y scooters para aumentar la potencia y el rendimiento del motor, reducir costos de mantenimiento y prolongar la vida \u00fatil del motor. Este producto ha sido desarrollado espec\u00edficamente para motocicletas con sistemas de combustible common rail, considerando la [&hellip;]<\/p>\n","protected":false},"featured_media":578,"template":"","meta":{"_acf_changed":false},"product_brand":[],"product_cat":[196,213],"product_tag":[],"class_list":{"0":"post-4671","1":"product","2":"type-product","3":"status-publish","4":"has-post-thumbnail","6":"product_cat-aditivos","7":"product_cat-motocicleta","9":"first","10":"instock","11":"shipping-taxable","12":"product-type-simple"},"acf":[],"_links":{"self":[{"href":"https:\/\/top1oil.com\/es\/wp-json\/wp\/v2\/product\/4671","targetHints":{"allow":["GET"]}}],"collection":[{"href":"https:\/\/top1oil.com\/es\/wp-json\/wp\/v2\/product"}],"about":[{"href":"https:\/\/top1oil.com\/es\/wp-json\/wp\/v2\/types\/product"}],"wp:featuredmedia":[{"embeddable":true,"href":"https:\/\/top1oil.com\/es\/wp-json\/wp\/v2\/media\/578"}],"wp:attachment":[{"href":"https:\/\/top1oil.com\/es\/wp-json\/wp\/v2\/media?parent=4671"}],"wp:term":[{"taxonomy":"product_brand","embeddable":true,"href":"https:\/\/top1oil.com\/es\/wp-json\/wp\/v2\/product_brand?post=4671"},{"taxonomy":"product_cat","embeddable":true,"href":"https:\/\/top1oil.com\/es\/wp-json\/wp\/v2\/product_cat?post=4671"},{"taxonomy":"product_tag","embeddable":true,"href":"https:\/\/top1oil.com\/es\/wp-json\/wp\/v2\/product_tag?post=4671"}],"curies":[{"name":"wp","href":"https:\/\/api.w.org\/{rel}","templated":true}]}}