{"id":4687,"date":"2025-05-06T10:25:36","date_gmt":"2025-05-06T10:25:36","guid":{"rendered":"https:\/\/top1oil.com\/product\/evolution-diesel-aceite-para-motor-diesel-100-sintetico\/"},"modified":"2026-04-01T13:47:45","modified_gmt":"2026-04-01T13:47:45","slug":"evolution-diesel-aceite-para-motor-diesel-100-sintetico","status":"publish","type":"product","link":"https:\/\/top1oil.com\/es\/producto\/evolution-diesel-aceite-para-motor-diesel-100-sintetico\/","title":{"rendered":"EVOLUTION DIESEL &#8211; Aceite para motor di\u00e9sel\u200b 100% sint\u00e9tico"},"content":{"rendered":"<p><strong>EVOLUTION DIESEL es un aceite para motor di\u00e9sel de alta calidad<\/strong>. Es 100% sint\u00e9tico, formulado con aceites base y aditivos premium. Est\u00e1 dise\u00f1ado para ofrecer un rendimiento excepcional en todos los motores compatibles con emisiones que utilizan di\u00e9sel ultra bajo en azufre (ULSD). EVOLUTION DIESEL ayuda a reducir el desgaste y la fricci\u00f3n del motor mientras previene la oxidaci\u00f3n.<\/p>\n","protected":false},"excerpt":{"rendered":"<p>EVOLUTION DIESEL es un aceite para motor di\u00e9sel de alta calidad. Es 100% sint\u00e9tico, formulado con aceites base y aditivos premium. Est\u00e1 dise\u00f1ado para ofrecer un rendimiento excepcional en todos los motores compatibles con emisiones que utilizan di\u00e9sel ultra bajo en azufre (ULSD). EVOLUTION DIESEL ayuda a reducir el desgaste y la fricci\u00f3n del motor [&hellip;]<\/p>\n","protected":false},"featured_media":3392,"template":"","meta":{"_acf_changed":false},"product_brand":[],"product_cat":[218],"product_tag":[],"class_list":{"0":"post-4687","1":"product","2":"type-product","3":"status-publish","4":"has-post-thumbnail","6":"product_cat-aceite-para-motor-diesel","8":"first","9":"instock","10":"shipping-taxable","11":"product-type-simple"},"acf":[],"_links":{"self":[{"href":"https:\/\/top1oil.com\/es\/wp-json\/wp\/v2\/product\/4687","targetHints":{"allow":["GET"]}}],"collection":[{"href":"https:\/\/top1oil.com\/es\/wp-json\/wp\/v2\/product"}],"about":[{"href":"https:\/\/top1oil.com\/es\/wp-json\/wp\/v2\/types\/product"}],"wp:featuredmedia":[{"embeddable":true,"href":"https:\/\/top1oil.com\/es\/wp-json\/wp\/v2\/media\/3392"}],"wp:attachment":[{"href":"https:\/\/top1oil.com\/es\/wp-json\/wp\/v2\/media?parent=4687"}],"wp:term":[{"taxonomy":"product_brand","embeddable":true,"href":"https:\/\/top1oil.com\/es\/wp-json\/wp\/v2\/product_brand?post=4687"},{"taxonomy":"product_cat","embeddable":true,"href":"https:\/\/top1oil.com\/es\/wp-json\/wp\/v2\/product_cat?post=4687"},{"taxonomy":"product_tag","embeddable":true,"href":"https:\/\/top1oil.com\/es\/wp-json\/wp\/v2\/product_tag?post=4687"}],"curies":[{"name":"wp","href":"https:\/\/api.w.org\/{rel}","templated":true}]}}