{"id":4702,"date":"2025-05-06T10:28:04","date_gmt":"2025-05-06T10:28:04","guid":{"rendered":"https:\/\/top1oil.com\/product\/hd-15w-40-heavy-duty-engine-oil\/"},"modified":"2025-05-06T10:28:04","modified_gmt":"2025-05-06T10:28:04","slug":"hd-15w-40-heavy-duty-engine-oil","status":"publish","type":"product","link":"https:\/\/top1oil.com\/es\/producto\/hd-15w-40-heavy-duty-engine-oil\/","title":{"rendered":"HD &#8211; 15W-40 Heavy Duty Engine Oil"},"content":{"rendered":"<p>HEAVY DUTY (HD) es un aceite para motores di\u00e9sel de alta calidad. Es un 15W-40 semisint\u00e9tico formulado para ofrecer mayor protecci\u00f3n que un 15W-40 est\u00e1ndar. HD est\u00e1 elaborado con aceites base premium y aditivos seleccionados para motores que operan en condiciones severas y distintos climas. Es adecuado para pr\u00e1cticamente todos los motores modernos de alta exigencia con bajas emisiones, especialmente aquellos con sistemas de tratamiento de escape que cumplen con las normas Euro 4 y 5. Gracias a su mezcla de aceites base sint\u00e9ticos de primera calidad y aditivos seleccionados, HD 15W-40 ofrece un rendimiento excepcional en todos los motores EGR. Este aceite contiene un sistema de aditivos efectivo, compatible con todos los motores EGR, manteni\u00e9ndolos limpios. HD 15W-40 supera los requerimientos API CI-4 \/ SL.   <\/p>\n","protected":false},"excerpt":{"rendered":"<p>HEAVY DUTY (HD) es un aceite para motores di\u00e9sel de alta calidad. Es un 15W-40 semisint\u00e9tico formulado para ofrecer mayor protecci\u00f3n que un 15W-40 est\u00e1ndar. HD est\u00e1 elaborado con aceites base premium y aditivos seleccionados para motores que operan en condiciones severas y distintos climas. Es adecuado para pr\u00e1cticamente todos los motores modernos de alta [&hellip;]<\/p>\n","protected":false},"featured_media":2435,"template":"","meta":{"_acf_changed":false},"product_brand":[],"product_cat":[60],"product_tag":[],"class_list":{"0":"post-4702","1":"product","2":"type-product","3":"status-publish","4":"has-post-thumbnail","6":"product_cat-aftermarket-additives","8":"first","9":"instock","10":"shipping-taxable","11":"product-type-simple"},"acf":[],"_links":{"self":[{"href":"https:\/\/top1oil.com\/es\/wp-json\/wp\/v2\/product\/4702","targetHints":{"allow":["GET"]}}],"collection":[{"href":"https:\/\/top1oil.com\/es\/wp-json\/wp\/v2\/product"}],"about":[{"href":"https:\/\/top1oil.com\/es\/wp-json\/wp\/v2\/types\/product"}],"wp:featuredmedia":[{"embeddable":true,"href":"https:\/\/top1oil.com\/es\/wp-json\/wp\/v2\/media\/2435"}],"wp:attachment":[{"href":"https:\/\/top1oil.com\/es\/wp-json\/wp\/v2\/media?parent=4702"}],"wp:term":[{"taxonomy":"product_brand","embeddable":true,"href":"https:\/\/top1oil.com\/es\/wp-json\/wp\/v2\/product_brand?post=4702"},{"taxonomy":"product_cat","embeddable":true,"href":"https:\/\/top1oil.com\/es\/wp-json\/wp\/v2\/product_cat?post=4702"},{"taxonomy":"product_tag","embeddable":true,"href":"https:\/\/top1oil.com\/es\/wp-json\/wp\/v2\/product_tag?post=4702"}],"curies":[{"name":"wp","href":"https:\/\/api.w.org\/{rel}","templated":true}]}}