{"id":4711,"date":"2025-05-06T10:26:56","date_gmt":"2025-05-06T10:26:56","guid":{"rendered":"https:\/\/top1oil.com\/product\/hd-plus-aceite-para-motor-diesel-10w-30\/"},"modified":"2025-05-06T10:26:56","modified_gmt":"2025-05-06T10:26:56","slug":"hd-plus-aceite-para-motor-diesel-10w-30","status":"publish","type":"product","link":"https:\/\/top1oil.com\/es\/producto\/hd-plus-aceite-para-motor-diesel-10w-30\/","title":{"rendered":"HD PLUS &#8211; Aceite para motor di\u00e9sel\u200b 10W-30"},"content":{"rendered":"<p>HD PLUS es un aceite para motor di\u00e9sel de alta calidad. Es un 10W-30 semisint\u00e9tico formulado para ofrecer mayor protecci\u00f3n que los aceites est\u00e1ndar, utilizando aceites base premium y aditivos especiales. Est\u00e1 dise\u00f1ado para aumentar la econom\u00eda de combustible, reducir el desgaste y la fricci\u00f3n del motor, adem\u00e1s de dispersar holl\u00edn y prevenir la oxidaci\u00f3n. <\/p>\n","protected":false},"excerpt":{"rendered":"<p>HD PLUS es un aceite para motor di\u00e9sel de alta calidad. Es un 10W-30 semisint\u00e9tico formulado para ofrecer mayor protecci\u00f3n que los aceites est\u00e1ndar, utilizando aceites base premium y aditivos especiales. Est\u00e1 dise\u00f1ado para aumentar la econom\u00eda de combustible, reducir el desgaste y la fricci\u00f3n del motor, adem\u00e1s de dispersar holl\u00edn y prevenir la oxidaci\u00f3n.<\/p>\n","protected":false},"featured_media":2431,"template":"","meta":{"_acf_changed":false},"product_brand":[],"product_cat":[60],"product_tag":[],"class_list":{"0":"post-4711","1":"product","2":"type-product","3":"status-publish","4":"has-post-thumbnail","6":"product_cat-aftermarket-additives","8":"first","9":"instock","10":"shipping-taxable","11":"product-type-simple"},"acf":[],"_links":{"self":[{"href":"https:\/\/top1oil.com\/es\/wp-json\/wp\/v2\/product\/4711","targetHints":{"allow":["GET"]}}],"collection":[{"href":"https:\/\/top1oil.com\/es\/wp-json\/wp\/v2\/product"}],"about":[{"href":"https:\/\/top1oil.com\/es\/wp-json\/wp\/v2\/types\/product"}],"wp:featuredmedia":[{"embeddable":true,"href":"https:\/\/top1oil.com\/es\/wp-json\/wp\/v2\/media\/2431"}],"wp:attachment":[{"href":"https:\/\/top1oil.com\/es\/wp-json\/wp\/v2\/media?parent=4711"}],"wp:term":[{"taxonomy":"product_brand","embeddable":true,"href":"https:\/\/top1oil.com\/es\/wp-json\/wp\/v2\/product_brand?post=4711"},{"taxonomy":"product_cat","embeddable":true,"href":"https:\/\/top1oil.com\/es\/wp-json\/wp\/v2\/product_cat?post=4711"},{"taxonomy":"product_tag","embeddable":true,"href":"https:\/\/top1oil.com\/es\/wp-json\/wp\/v2\/product_tag?post=4711"}],"curies":[{"name":"wp","href":"https:\/\/api.w.org\/{rel}","templated":true}]}}