{"id":4722,"date":"2025-08-06T09:54:32","date_gmt":"2025-08-06T09:54:32","guid":{"rendered":"https:\/\/top1oil.com\/product\/transport-aceite-para-motor-diesel-15w-40\/"},"modified":"2026-04-06T09:19:28","modified_gmt":"2026-04-06T09:19:28","slug":"transport-aceite-para-motor-diesel-15w-40","status":"publish","type":"product","link":"https:\/\/top1oil.com\/es\/producto\/transport-aceite-para-motor-diesel-15w-40\/","title":{"rendered":"TRANSPORT &#8211; Aceite para motor di\u00e9sel 15W-40"},"content":{"rendered":"<p>TOP 1 TRANSPORT es un aceite para motor di\u00e9sel. Es un 15W-40 semisint\u00e9tico, mezcla de aceites base sint\u00e9ticos premium y aditivos seleccionados, dise\u00f1ado para ofrecer un rendimiento excepcional en todos los motores EGR. Contiene un sistema de aditivos eficaz, compatible con todos los motores EGR y mantiene los motores extremadamente limpios. Tambi\u00e9n es apto para motores nuevos y antiguos.  <\/p>\n","protected":false},"excerpt":{"rendered":"<p>TOP 1 TRANSPORT es un aceite para motor di\u00e9sel. Es un 15W-40 semisint\u00e9tico, mezcla de aceites base sint\u00e9ticos premium y aditivos seleccionados, dise\u00f1ado para ofrecer un rendimiento excepcional en todos los motores EGR. Contiene un sistema de aditivos eficaz, compatible con todos los motores EGR y mantiene los motores extremadamente limpios. Tambi\u00e9n es apto para [&hellip;]<\/p>\n","protected":false},"featured_media":2637,"template":"","meta":{"_acf_changed":false},"product_brand":[],"product_cat":[218],"product_tag":[],"class_list":{"0":"post-4722","1":"product","2":"type-product","3":"status-publish","4":"has-post-thumbnail","6":"product_cat-aceite-para-motor-diesel","8":"first","9":"instock","10":"shipping-taxable","11":"product-type-simple"},"acf":[],"_links":{"self":[{"href":"https:\/\/top1oil.com\/es\/wp-json\/wp\/v2\/product\/4722","targetHints":{"allow":["GET"]}}],"collection":[{"href":"https:\/\/top1oil.com\/es\/wp-json\/wp\/v2\/product"}],"about":[{"href":"https:\/\/top1oil.com\/es\/wp-json\/wp\/v2\/types\/product"}],"wp:featuredmedia":[{"embeddable":true,"href":"https:\/\/top1oil.com\/es\/wp-json\/wp\/v2\/media\/2637"}],"wp:attachment":[{"href":"https:\/\/top1oil.com\/es\/wp-json\/wp\/v2\/media?parent=4722"}],"wp:term":[{"taxonomy":"product_brand","embeddable":true,"href":"https:\/\/top1oil.com\/es\/wp-json\/wp\/v2\/product_brand?post=4722"},{"taxonomy":"product_cat","embeddable":true,"href":"https:\/\/top1oil.com\/es\/wp-json\/wp\/v2\/product_cat?post=4722"},{"taxonomy":"product_tag","embeddable":true,"href":"https:\/\/top1oil.com\/es\/wp-json\/wp\/v2\/product_tag?post=4722"}],"curies":[{"name":"wp","href":"https:\/\/api.w.org\/{rel}","templated":true}]}}