{"id":4725,"date":"2025-05-06T10:29:56","date_gmt":"2025-05-06T10:29:56","guid":{"rendered":"https:\/\/top1oil.com\/product\/xlr-aceite-para-motor-diesel-15w-40\/"},"modified":"2026-04-06T09:24:58","modified_gmt":"2026-04-06T09:24:58","slug":"xlr-aceite-para-motor-diesel-15w-40","status":"publish","type":"product","link":"https:\/\/top1oil.com\/es\/producto\/xlr-aceite-para-motor-diesel-15w-40\/","title":{"rendered":"XLR &#8211; Aceite para motor di\u00e9sel 15W-40"},"content":{"rendered":"<p>TOP 1 XLR aceite para motor di\u00e9sel 15W-40 API CI-4\/SL es un aceite semisint\u00e9tico pesado de mezcla premium, formulado para ofrecer un rendimiento excepcional en todos los motores con Recirculaci\u00f3n de Gases de Escape (EGR). Combinamos aceites base sint\u00e9ticos de alta calidad con aditivos seleccionados para cumplir y superar los requisitos m\u00e1s exigentes de motores pesados y medianos.<\/p>\n<p>El sistema avanzado de aditivos asegura una compatibilidad superior y mantiene los motores EGR extraordinariamente limpios. Ya sea que uses modelos nuevos o motores m\u00e1s antiguos, TOP 1 XLR aceite 15W-40 semisint\u00e9tico brinda protecci\u00f3n robusta y mantiene la limpieza, ayudando a que tu motor rinda de manera \u00f3ptima.<\/p>\n","protected":false},"excerpt":{"rendered":"<p>TOP 1 XLR aceite para motor di\u00e9sel 15W-40 API CI-4\/SL es un aceite semisint\u00e9tico pesado de mezcla premium, formulado para ofrecer un rendimiento excepcional en todos los motores con Recirculaci\u00f3n de Gases de Escape (EGR). Combinamos aceites base sint\u00e9ticos de alta calidad con aditivos seleccionados para cumplir y superar los requisitos m\u00e1s exigentes de motores [&hellip;]<\/p>\n","protected":false},"featured_media":4727,"template":"","meta":{"_acf_changed":false},"product_brand":[],"product_cat":[218],"product_tag":[],"class_list":{"0":"post-4725","1":"product","2":"type-product","3":"status-publish","4":"has-post-thumbnail","6":"product_cat-aceite-para-motor-diesel","8":"first","9":"instock","10":"shipping-taxable","11":"product-type-simple"},"acf":[],"_links":{"self":[{"href":"https:\/\/top1oil.com\/es\/wp-json\/wp\/v2\/product\/4725","targetHints":{"allow":["GET"]}}],"collection":[{"href":"https:\/\/top1oil.com\/es\/wp-json\/wp\/v2\/product"}],"about":[{"href":"https:\/\/top1oil.com\/es\/wp-json\/wp\/v2\/types\/product"}],"wp:featuredmedia":[{"embeddable":true,"href":"https:\/\/top1oil.com\/es\/wp-json\/wp\/v2\/media\/4727"}],"wp:attachment":[{"href":"https:\/\/top1oil.com\/es\/wp-json\/wp\/v2\/media?parent=4725"}],"wp:term":[{"taxonomy":"product_brand","embeddable":true,"href":"https:\/\/top1oil.com\/es\/wp-json\/wp\/v2\/product_brand?post=4725"},{"taxonomy":"product_cat","embeddable":true,"href":"https:\/\/top1oil.com\/es\/wp-json\/wp\/v2\/product_cat?post=4725"},{"taxonomy":"product_tag","embeddable":true,"href":"https:\/\/top1oil.com\/es\/wp-json\/wp\/v2\/product_tag?post=4725"}],"curies":[{"name":"wp","href":"https:\/\/api.w.org\/{rel}","templated":true}]}}