{"id":4728,"date":"2025-05-03T15:04:39","date_gmt":"2025-05-03T15:04:39","guid":{"rendered":"https:\/\/top1oil.com\/product\/aceite-para-engranajes-lsd\/"},"modified":"2026-03-26T13:46:46","modified_gmt":"2026-03-26T13:46:46","slug":"aceite-para-engranajes-lsd","status":"publish","type":"product","link":"https:\/\/top1oil.com\/es\/producto\/aceite-para-engranajes-lsd\/","title":{"rendered":"Aceite para engranajes LSD"},"content":{"rendered":"<p>TOP 1 CONVENTIONAL GEAR OIL (SGO) LSD 75W-90 es un Aceite para engranajes multiusos dise\u00f1ado espec\u00edficamente para aplicaciones automotrices y de camiones que utilizan diferenciales de deslizamiento limitado (LSD). TOP 1 SGO LSD 75W-90 reduce el desgaste y mantiene la limpieza incluso en condiciones extremas. Este lubricante de engranajes, t\u00e9rmicamente estable, est\u00e1 dise\u00f1ado para operar y proteger en temperaturas extremas altas y bajas.<\/p>\n","protected":false},"excerpt":{"rendered":"<p>TOP 1 CONVENTIONAL GEAR OIL (SGO) LSD 75W-90 es un Aceite para engranajes multiusos dise\u00f1ado espec\u00edficamente para aplicaciones automotrices y de camiones que utilizan diferenciales de deslizamiento limitado (LSD). TOP 1 SGO LSD 75W-90 reduce el desgaste y mantiene la limpieza incluso en condiciones extremas. Este lubricante de engranajes, t\u00e9rmicamente estable, est\u00e1 dise\u00f1ado para operar [&hellip;]<\/p>\n","protected":false},"featured_media":2436,"template":"","meta":{"_acf_changed":false},"product_brand":[],"product_cat":[60],"product_tag":[],"class_list":{"0":"post-4728","1":"product","2":"type-product","3":"status-publish","4":"has-post-thumbnail","6":"product_cat-aftermarket-additives","8":"first","9":"instock","10":"shipping-taxable","11":"product-type-simple"},"acf":[],"_links":{"self":[{"href":"https:\/\/top1oil.com\/es\/wp-json\/wp\/v2\/product\/4728","targetHints":{"allow":["GET"]}}],"collection":[{"href":"https:\/\/top1oil.com\/es\/wp-json\/wp\/v2\/product"}],"about":[{"href":"https:\/\/top1oil.com\/es\/wp-json\/wp\/v2\/types\/product"}],"wp:featuredmedia":[{"embeddable":true,"href":"https:\/\/top1oil.com\/es\/wp-json\/wp\/v2\/media\/2436"}],"wp:attachment":[{"href":"https:\/\/top1oil.com\/es\/wp-json\/wp\/v2\/media?parent=4728"}],"wp:term":[{"taxonomy":"product_brand","embeddable":true,"href":"https:\/\/top1oil.com\/es\/wp-json\/wp\/v2\/product_brand?post=4728"},{"taxonomy":"product_cat","embeddable":true,"href":"https:\/\/top1oil.com\/es\/wp-json\/wp\/v2\/product_cat?post=4728"},{"taxonomy":"product_tag","embeddable":true,"href":"https:\/\/top1oil.com\/es\/wp-json\/wp\/v2\/product_tag?post=4728"}],"curies":[{"name":"wp","href":"https:\/\/api.w.org\/{rel}","templated":true}]}}