{"id":4735,"date":"2025-05-03T15:22:44","date_gmt":"2025-05-03T15:22:44","guid":{"rendered":"https:\/\/top1oil.com\/product\/aceite-para-engranajes-sintetico\/"},"modified":"2026-03-26T14:37:29","modified_gmt":"2026-03-26T14:37:29","slug":"aceite-para-engranajes-sintetico","status":"publish","type":"product","link":"https:\/\/top1oil.com\/es\/producto\/aceite-para-engranajes-sintetico\/","title":{"rendered":"Aceite para engranajes sint\u00e9tico"},"content":{"rendered":"<p>SYNTHETIC GEAR OIL (SGO) &#8211; Aceite para engranajes sint\u00e9tico es un lubricante sint\u00e9tico de alta viscosidad (VI), formulado con base sint\u00e9tica y reforzado con inhibidores de \u00f3xido y corrosi\u00f3n, inhibidores de espuma y depresores de punto de fluidez. Este producto contiene aditivos de presi\u00f3n extrema para cumplir con los requisitos de API GL-5\/MT-1. Proporciona excelente protecci\u00f3n contra desgaste, rayado y corrosi\u00f3n, soportando temperaturas severas y cargas de impacto. Su formulaci\u00f3n equilibrada mantiene la protecci\u00f3n de viscosidad tanto en condiciones de alta como de baja temperatura.   <\/p>\n","protected":false},"excerpt":{"rendered":"<p>SYNTHETIC GEAR OIL (SGO) &#8211; Aceite para engranajes sint\u00e9tico es un lubricante sint\u00e9tico de alta viscosidad (VI), formulado con base sint\u00e9tica y reforzado con inhibidores de \u00f3xido y corrosi\u00f3n, inhibidores de espuma y depresores de punto de fluidez. Este producto contiene aditivos de presi\u00f3n extrema para cumplir con los requisitos de API GL-5\/MT-1. Proporciona excelente [&hellip;]<\/p>\n","protected":false},"featured_media":2439,"template":"","meta":{"_acf_changed":false},"product_brand":[],"product_cat":[60],"product_tag":[],"class_list":{"0":"post-4735","1":"product","2":"type-product","3":"status-publish","4":"has-post-thumbnail","6":"product_cat-aftermarket-additives","8":"first","9":"instock","10":"shipping-taxable","11":"product-type-simple"},"acf":[],"_links":{"self":[{"href":"https:\/\/top1oil.com\/es\/wp-json\/wp\/v2\/product\/4735","targetHints":{"allow":["GET"]}}],"collection":[{"href":"https:\/\/top1oil.com\/es\/wp-json\/wp\/v2\/product"}],"about":[{"href":"https:\/\/top1oil.com\/es\/wp-json\/wp\/v2\/types\/product"}],"wp:featuredmedia":[{"embeddable":true,"href":"https:\/\/top1oil.com\/es\/wp-json\/wp\/v2\/media\/2439"}],"wp:attachment":[{"href":"https:\/\/top1oil.com\/es\/wp-json\/wp\/v2\/media?parent=4735"}],"wp:term":[{"taxonomy":"product_brand","embeddable":true,"href":"https:\/\/top1oil.com\/es\/wp-json\/wp\/v2\/product_brand?post=4735"},{"taxonomy":"product_cat","embeddable":true,"href":"https:\/\/top1oil.com\/es\/wp-json\/wp\/v2\/product_cat?post=4735"},{"taxonomy":"product_tag","embeddable":true,"href":"https:\/\/top1oil.com\/es\/wp-json\/wp\/v2\/product_tag?post=4735"}],"curies":[{"name":"wp","href":"https:\/\/api.w.org\/{rel}","templated":true}]}}