{"id":4741,"date":"2025-05-02T10:48:47","date_gmt":"2025-05-02T10:48:47","guid":{"rendered":"https:\/\/top1oil.com\/product\/cvt-continuously-variabletransmission-fluid\/"},"modified":"2025-05-02T10:48:47","modified_gmt":"2025-05-02T10:48:47","slug":"cvt-continuously-variabletransmission-fluid","status":"publish","type":"product","link":"https:\/\/top1oil.com\/es\/producto\/cvt-continuously-variabletransmission-fluid\/","title":{"rendered":"CVT Continuously Variable\u200bTransmission Fluid"},"content":{"rendered":"<p>TOP 1 transmisi\u00f3n continuamente variable CVT es una soluci\u00f3n multiusos de alto rendimiento. Este avanzado fluido ofrece una estabilidad excepcional contra la oxidaci\u00f3n, resistencia al calor y protecci\u00f3n contra desgaste, asegurando que tu transmisi\u00f3n funcione de manera suave y eficiente. Est\u00e1 formulado para cumplir y superar todas las especificaciones actuales de los fabricantes de equipo original (OEM), incluyendo los requisitos m\u00e1s exigentes de marcas l\u00edderes como Audi, Mitsubishi, Nissan, Saturn, Subaru y Toyota. Elige TOP 1 Transmisi\u00f3n CVT para un desempe\u00f1o confiable y superior que tu veh\u00edculo merece.   <\/p>\n","protected":false},"excerpt":{"rendered":"<p>TOP 1 transmisi\u00f3n continuamente variable CVT es una soluci\u00f3n multiusos de alto rendimiento. Este avanzado fluido ofrece una estabilidad excepcional contra la oxidaci\u00f3n, resistencia al calor y protecci\u00f3n contra desgaste, asegurando que tu transmisi\u00f3n funcione de manera suave y eficiente. Est\u00e1 formulado para cumplir y superar todas las especificaciones actuales de los fabricantes de equipo [&hellip;]<\/p>\n","protected":false},"featured_media":2493,"template":"","meta":{"_acf_changed":false},"product_brand":[],"product_cat":[60],"product_tag":[],"class_list":{"0":"post-4741","1":"product","2":"type-product","3":"status-publish","4":"has-post-thumbnail","6":"product_cat-aftermarket-additives","8":"first","9":"instock","10":"shipping-taxable","11":"product-type-simple"},"acf":[],"_links":{"self":[{"href":"https:\/\/top1oil.com\/es\/wp-json\/wp\/v2\/product\/4741","targetHints":{"allow":["GET"]}}],"collection":[{"href":"https:\/\/top1oil.com\/es\/wp-json\/wp\/v2\/product"}],"about":[{"href":"https:\/\/top1oil.com\/es\/wp-json\/wp\/v2\/types\/product"}],"wp:featuredmedia":[{"embeddable":true,"href":"https:\/\/top1oil.com\/es\/wp-json\/wp\/v2\/media\/2493"}],"wp:attachment":[{"href":"https:\/\/top1oil.com\/es\/wp-json\/wp\/v2\/media?parent=4741"}],"wp:term":[{"taxonomy":"product_brand","embeddable":true,"href":"https:\/\/top1oil.com\/es\/wp-json\/wp\/v2\/product_brand?post=4741"},{"taxonomy":"product_cat","embeddable":true,"href":"https:\/\/top1oil.com\/es\/wp-json\/wp\/v2\/product_cat?post=4741"},{"taxonomy":"product_tag","embeddable":true,"href":"https:\/\/top1oil.com\/es\/wp-json\/wp\/v2\/product_tag?post=4741"}],"curies":[{"name":"wp","href":"https:\/\/api.w.org\/{rel}","templated":true}]}}