{"id":4749,"date":"2025-05-05T10:48:00","date_gmt":"2025-05-05T10:48:00","guid":{"rendered":"https:\/\/top1oil.com\/product\/transmision-dct\/"},"modified":"2025-05-05T10:48:00","modified_gmt":"2025-05-05T10:48:00","slug":"transmision-dct","status":"publish","type":"product","link":"https:\/\/top1oil.com\/es\/producto\/transmision-dct\/","title":{"rendered":"Transmisi\u00f3n DCT"},"content":{"rendered":"<p>TOP 1 transmisi\u00f3n DCT (Dual Clutch Transmission) es un fluido 100% sint\u00e9tico multiusos para transmisiones de doble embrague (DCT). Su f\u00f3rmula duradera y multi-veh\u00edculo est\u00e1 dise\u00f1ada para ofrecer un rendimiento superior con un sistema de aditivos balanceado que proporciona alta estabilidad a la oxidaci\u00f3n, excelente resistencia a la formaci\u00f3n de espuma, protecci\u00f3n contra desgaste y corrosi\u00f3n, y resistencia al calor. Cumple y supera las especificaciones actuales de los fabricantes de equipo original (OEM) para fluidos DCT (WET), incluyendo algunas de las \u00faltimas especificaciones OEM.  <\/p>\n","protected":false},"excerpt":{"rendered":"<p>TOP 1 transmisi\u00f3n DCT (Dual Clutch Transmission) es un fluido 100% sint\u00e9tico multiusos para transmisiones de doble embrague (DCT). Su f\u00f3rmula duradera y multi-veh\u00edculo est\u00e1 dise\u00f1ada para ofrecer un rendimiento superior con un sistema de aditivos balanceado que proporciona alta estabilidad a la oxidaci\u00f3n, excelente resistencia a la formaci\u00f3n de espuma, protecci\u00f3n contra desgaste y [&hellip;]<\/p>\n","protected":false},"featured_media":2155,"template":"","meta":{"_acf_changed":false},"product_brand":[],"product_cat":[60],"product_tag":[],"class_list":{"0":"post-4749","1":"product","2":"type-product","3":"status-publish","4":"has-post-thumbnail","6":"product_cat-aftermarket-additives","8":"first","9":"instock","10":"shipping-taxable","11":"product-type-simple"},"acf":[],"_links":{"self":[{"href":"https:\/\/top1oil.com\/es\/wp-json\/wp\/v2\/product\/4749","targetHints":{"allow":["GET"]}}],"collection":[{"href":"https:\/\/top1oil.com\/es\/wp-json\/wp\/v2\/product"}],"about":[{"href":"https:\/\/top1oil.com\/es\/wp-json\/wp\/v2\/types\/product"}],"wp:featuredmedia":[{"embeddable":true,"href":"https:\/\/top1oil.com\/es\/wp-json\/wp\/v2\/media\/2155"}],"wp:attachment":[{"href":"https:\/\/top1oil.com\/es\/wp-json\/wp\/v2\/media?parent=4749"}],"wp:term":[{"taxonomy":"product_brand","embeddable":true,"href":"https:\/\/top1oil.com\/es\/wp-json\/wp\/v2\/product_brand?post=4749"},{"taxonomy":"product_cat","embeddable":true,"href":"https:\/\/top1oil.com\/es\/wp-json\/wp\/v2\/product_cat?post=4749"},{"taxonomy":"product_tag","embeddable":true,"href":"https:\/\/top1oil.com\/es\/wp-json\/wp\/v2\/product_tag?post=4749"}],"curies":[{"name":"wp","href":"https:\/\/api.w.org\/{rel}","templated":true}]}}