{"id":4753,"date":"2025-05-04T15:00:32","date_gmt":"2025-05-04T15:00:32","guid":{"rendered":"https:\/\/top1oil.com\/product\/multi-purpose-high-temp-grease\/"},"modified":"2026-03-26T13:33:10","modified_gmt":"2026-03-26T13:33:10","slug":"multi-purpose-high-temp-grease","status":"publish","type":"product","link":"https:\/\/top1oil.com\/es\/producto\/multi-purpose-high-temp-grease\/","title":{"rendered":"Hi-Temp Grease &#8211; Grasa de alta temperatura multiprop\u00f3sito"},"content":{"rendered":"<div class=\"wpb_column vc_column_container vc_col-sm-6\">\n<div class=\"vc_column-inner\">\n<div class=\"wpb_wrapper\">\n<div class=\"wpb_text_column wpb_content_element \">\n<div class=\"wpb_wrapper\">\n<p><strong>TOP 1 HI-TEMP SYNTHETIC BLEND GREASE es una grasa de alta temperatura multiprop\u00f3sito premium de complejo de litio. <\/strong>TOP 1 HI-TEMP GREASE ofrece una protecci\u00f3n excelente, lubricando una amplia variedad de equipos en las industrias automotriz, agr\u00edcola, marina, de construcci\u00f3n y miner\u00eda. Sus aplicaciones incluyen rodamientos de ruedas y chasis de autom\u00f3viles, rodamientos de cintas transportadoras, pasadores de bisagra de retroexcavadoras y rodamientos sujetos a cargas de impacto.  <\/p>\n<\/div>\n<\/div>\n<\/div>\n<\/div>\n<\/div>\n","protected":false},"excerpt":{"rendered":"<p>TOP 1 HI-TEMP SYNTHETIC BLEND GREASE es una grasa de alta temperatura multiprop\u00f3sito premium de complejo de litio. TOP 1 HI-TEMP GREASE ofrece una protecci\u00f3n excelente, lubricando una amplia variedad de equipos en las industrias automotriz, agr\u00edcola, marina, de construcci\u00f3n y miner\u00eda. Sus aplicaciones incluyen rodamientos de ruedas y chasis de autom\u00f3viles, rodamientos de cintas [&hellip;]<\/p>\n","protected":false},"featured_media":2161,"template":"","meta":{"_acf_changed":false},"product_brand":[],"product_cat":[60],"product_tag":[],"class_list":{"0":"post-4753","1":"product","2":"type-product","3":"status-publish","4":"has-post-thumbnail","6":"product_cat-aftermarket-additives","8":"first","9":"instock","10":"shipping-taxable","11":"product-type-simple"},"acf":[],"_links":{"self":[{"href":"https:\/\/top1oil.com\/es\/wp-json\/wp\/v2\/product\/4753","targetHints":{"allow":["GET"]}}],"collection":[{"href":"https:\/\/top1oil.com\/es\/wp-json\/wp\/v2\/product"}],"about":[{"href":"https:\/\/top1oil.com\/es\/wp-json\/wp\/v2\/types\/product"}],"wp:featuredmedia":[{"embeddable":true,"href":"https:\/\/top1oil.com\/es\/wp-json\/wp\/v2\/media\/2161"}],"wp:attachment":[{"href":"https:\/\/top1oil.com\/es\/wp-json\/wp\/v2\/media?parent=4753"}],"wp:term":[{"taxonomy":"product_brand","embeddable":true,"href":"https:\/\/top1oil.com\/es\/wp-json\/wp\/v2\/product_brand?post=4753"},{"taxonomy":"product_cat","embeddable":true,"href":"https:\/\/top1oil.com\/es\/wp-json\/wp\/v2\/product_cat?post=4753"},{"taxonomy":"product_tag","embeddable":true,"href":"https:\/\/top1oil.com\/es\/wp-json\/wp\/v2\/product_tag?post=4753"}],"curies":[{"name":"wp","href":"https:\/\/api.w.org\/{rel}","templated":true}]}}