{"id":4758,"date":"2025-05-05T10:45:52","date_gmt":"2025-05-05T10:45:52","guid":{"rendered":"https:\/\/top1oil.com\/product\/evolution-mv-atf-aceite-para-transmision-automatica-dexron-vi-multi-vehiculo\/"},"modified":"2025-05-05T10:45:52","modified_gmt":"2025-05-05T10:45:52","slug":"evolution-mv-atf-aceite-para-transmision-automatica-dexron-vi-multi-vehiculo","status":"publish","type":"product","link":"https:\/\/top1oil.com\/es\/producto\/evolution-mv-atf-aceite-para-transmision-automatica-dexron-vi-multi-vehiculo\/","title":{"rendered":"EVOLUTION MV ATF &#8211; Aceite para transmisi\u00f3n autom\u00e1tica DEXRON VI multi-veh\u00edculo"},"content":{"rendered":"<p>TOP 1 EVOLUTION MV ATF es un aceite para transmisi\u00f3n autom\u00e1tica\u200b DEXRON VI multi-veh\u00edculo de baja viscosidad, espec\u00edficamente dise\u00f1ado para transmisiones autom\u00e1ticas avanzadas. Fabricado para ofrecer excelente estabilidad a la oxidaci\u00f3n, resistencia a la corrosi\u00f3n y protecci\u00f3n contra desgaste, garantiza un funcionamiento suave y confiable de tu veh\u00edculo. Este fluido de \u00faltima generaci\u00f3n no solo cumple, sino que supera las especificaciones actuales de los fabricantes de equipo original (OEM) para fluidos de transmisi\u00f3n autom\u00e1tica, incluyendo los \u00faltimos requisitos.  <\/p>\n","protected":false},"excerpt":{"rendered":"<p>TOP 1 EVOLUTION MV ATF es un aceite para transmisi\u00f3n autom\u00e1tica\u200b DEXRON VI multi-veh\u00edculo de baja viscosidad, espec\u00edficamente dise\u00f1ado para transmisiones autom\u00e1ticas avanzadas. Fabricado para ofrecer excelente estabilidad a la oxidaci\u00f3n, resistencia a la corrosi\u00f3n y protecci\u00f3n contra desgaste, garantiza un funcionamiento suave y confiable de tu veh\u00edculo. Este fluido de \u00faltima generaci\u00f3n no solo [&hellip;]<\/p>\n","protected":false},"featured_media":2449,"template":"","meta":{"_acf_changed":false},"product_brand":[],"product_cat":[60],"product_tag":[],"class_list":{"0":"post-4758","1":"product","2":"type-product","3":"status-publish","4":"has-post-thumbnail","6":"product_cat-aftermarket-additives","8":"first","9":"instock","10":"shipping-taxable","11":"product-type-simple"},"acf":[],"_links":{"self":[{"href":"https:\/\/top1oil.com\/es\/wp-json\/wp\/v2\/product\/4758","targetHints":{"allow":["GET"]}}],"collection":[{"href":"https:\/\/top1oil.com\/es\/wp-json\/wp\/v2\/product"}],"about":[{"href":"https:\/\/top1oil.com\/es\/wp-json\/wp\/v2\/types\/product"}],"wp:featuredmedia":[{"embeddable":true,"href":"https:\/\/top1oil.com\/es\/wp-json\/wp\/v2\/media\/2449"}],"wp:attachment":[{"href":"https:\/\/top1oil.com\/es\/wp-json\/wp\/v2\/media?parent=4758"}],"wp:term":[{"taxonomy":"product_brand","embeddable":true,"href":"https:\/\/top1oil.com\/es\/wp-json\/wp\/v2\/product_brand?post=4758"},{"taxonomy":"product_cat","embeddable":true,"href":"https:\/\/top1oil.com\/es\/wp-json\/wp\/v2\/product_cat?post=4758"},{"taxonomy":"product_tag","embeddable":true,"href":"https:\/\/top1oil.com\/es\/wp-json\/wp\/v2\/product_tag?post=4758"}],"curies":[{"name":"wp","href":"https:\/\/api.w.org\/{rel}","templated":true}]}}