{"id":4766,"date":"2025-05-02T15:29:04","date_gmt":"2025-05-02T15:29:04","guid":{"rendered":"https:\/\/top1oil.com\/product\/dot-4-liquido-de-frenos\/"},"modified":"2026-03-26T14:42:41","modified_gmt":"2026-03-26T14:42:41","slug":"dot-4-liquido-de-frenos","status":"publish","type":"product","link":"https:\/\/top1oil.com\/es\/producto\/dot-4-liquido-de-frenos\/","title":{"rendered":"L\u00edquido de frenos DOT 4"},"content":{"rendered":"<p>DOT 4 BRAKE FLUID es un l\u00edquido de frenos DOT 4 formulado espec\u00edficamente para aplicaciones de discos o tambores. Totalmente compatible y mezclable con otros fluidos de frenos de especificaciones similares.<\/p>\n","protected":false},"excerpt":{"rendered":"<p>DOT 4 BRAKE FLUID es un l\u00edquido de frenos DOT 4 formulado espec\u00edficamente para aplicaciones de discos o tambores. Totalmente compatible y mezclable con otros fluidos de frenos de especificaciones similares.<\/p>\n","protected":false},"featured_media":2475,"template":"","meta":{"_acf_changed":false},"product_brand":[],"product_cat":[196],"product_tag":[],"class_list":{"0":"post-4766","1":"product","2":"type-product","3":"status-publish","4":"has-post-thumbnail","6":"product_cat-aditivos","8":"first","9":"instock","10":"shipping-taxable","11":"product-type-simple"},"acf":[],"_links":{"self":[{"href":"https:\/\/top1oil.com\/es\/wp-json\/wp\/v2\/product\/4766","targetHints":{"allow":["GET"]}}],"collection":[{"href":"https:\/\/top1oil.com\/es\/wp-json\/wp\/v2\/product"}],"about":[{"href":"https:\/\/top1oil.com\/es\/wp-json\/wp\/v2\/types\/product"}],"wp:featuredmedia":[{"embeddable":true,"href":"https:\/\/top1oil.com\/es\/wp-json\/wp\/v2\/media\/2475"}],"wp:attachment":[{"href":"https:\/\/top1oil.com\/es\/wp-json\/wp\/v2\/media?parent=4766"}],"wp:term":[{"taxonomy":"product_brand","embeddable":true,"href":"https:\/\/top1oil.com\/es\/wp-json\/wp\/v2\/product_brand?post=4766"},{"taxonomy":"product_cat","embeddable":true,"href":"https:\/\/top1oil.com\/es\/wp-json\/wp\/v2\/product_cat?post=4766"},{"taxonomy":"product_tag","embeddable":true,"href":"https:\/\/top1oil.com\/es\/wp-json\/wp\/v2\/product_tag?post=4766"}],"curies":[{"name":"wp","href":"https:\/\/api.w.org\/{rel}","templated":true}]}}