{"id":4772,"date":"2025-07-24T10:23:30","date_gmt":"2025-07-24T10:23:30","guid":{"rendered":"https:\/\/top1oil.com\/product\/liquido-de-frenos-dot-5-1\/"},"modified":"2026-03-26T14:46:05","modified_gmt":"2026-03-26T14:46:05","slug":"liquido-de-frenos-dot-5-1","status":"publish","type":"product","link":"https:\/\/top1oil.com\/es\/producto\/liquido-de-frenos-dot-5-1\/","title":{"rendered":"L\u00edquido de frenos DOT 5.1"},"content":{"rendered":"<p>DOT 5.1 BRAKE FLUID es un l\u00edquido de frenos DOT 5.1 totalmente sint\u00e9tico tipo borato. Cumple con los requisitos de sistemas de frenado de veh\u00edculos a gasolina, el\u00e9ctricos, h\u00edbridos y motocicletas. Adecuado para veh\u00edculos a gasolina, el\u00e9ctricos, h\u00edbridos y motocicletas que requieren el uso de fluidos de frenos DOT 5.1\/DOT 4\/DOT 3.<\/p>\n","protected":false},"excerpt":{"rendered":"<p>DOT 5.1 BRAKE FLUID es un l\u00edquido de frenos DOT 5.1 totalmente sint\u00e9tico tipo borato. Cumple con los requisitos de sistemas de frenado de veh\u00edculos a gasolina, el\u00e9ctricos, h\u00edbridos y motocicletas. Adecuado para veh\u00edculos a gasolina, el\u00e9ctricos, h\u00edbridos y motocicletas que requieren el uso de fluidos de frenos DOT 5.1\/DOT 4\/DOT 3.<\/p>\n","protected":false},"featured_media":2481,"template":"","meta":{"_acf_changed":false},"product_brand":[],"product_cat":[196],"product_tag":[],"class_list":{"0":"post-4772","1":"product","2":"type-product","3":"status-publish","4":"has-post-thumbnail","6":"product_cat-aditivos","8":"first","9":"instock","10":"shipping-taxable","11":"product-type-simple"},"acf":[],"_links":{"self":[{"href":"https:\/\/top1oil.com\/es\/wp-json\/wp\/v2\/product\/4772","targetHints":{"allow":["GET"]}}],"collection":[{"href":"https:\/\/top1oil.com\/es\/wp-json\/wp\/v2\/product"}],"about":[{"href":"https:\/\/top1oil.com\/es\/wp-json\/wp\/v2\/types\/product"}],"wp:featuredmedia":[{"embeddable":true,"href":"https:\/\/top1oil.com\/es\/wp-json\/wp\/v2\/media\/2481"}],"wp:attachment":[{"href":"https:\/\/top1oil.com\/es\/wp-json\/wp\/v2\/media?parent=4772"}],"wp:term":[{"taxonomy":"product_brand","embeddable":true,"href":"https:\/\/top1oil.com\/es\/wp-json\/wp\/v2\/product_brand?post=4772"},{"taxonomy":"product_cat","embeddable":true,"href":"https:\/\/top1oil.com\/es\/wp-json\/wp\/v2\/product_cat?post=4772"},{"taxonomy":"product_tag","embeddable":true,"href":"https:\/\/top1oil.com\/es\/wp-json\/wp\/v2\/product_tag?post=4772"}],"curies":[{"name":"wp","href":"https:\/\/api.w.org\/{rel}","templated":true}]}}