{"id":4775,"date":"2025-05-02T15:29:56","date_gmt":"2025-05-02T15:29:56","guid":{"rendered":"https:\/\/top1oil.com\/product\/limpieza-de-motor\/"},"modified":"2026-03-26T15:07:38","modified_gmt":"2026-03-26T15:07:38","slug":"limpieza-de-motor","status":"publish","type":"product","link":"https:\/\/top1oil.com\/es\/producto\/limpieza-de-motor\/","title":{"rendered":"Limpieza de motor"},"content":{"rendered":"<p>ENGINE FLUSH &#8211; Limpieza de motor es un producto de aceite motor transparente usado para remover de forma segura barnices, lodos y subproductos de combusti\u00f3n acumulados en el motor. Formulado con aceites base premium, aditivos anti-desgaste y otros que no da\u00f1an sellos ni empaques. En combinaci\u00f3n con el fluido portador, su mezcla de detergentes y dispersantes disuelve r\u00e1pidamente lodos y contaminantes, extendiendo la vida \u00fatil del motor. <\/p>\n","protected":false},"excerpt":{"rendered":"<p>ENGINE FLUSH &#8211; Limpieza de motor es un producto de aceite motor transparente usado para remover de forma segura barnices, lodos y subproductos de combusti\u00f3n acumulados en el motor. Formulado con aceites base premium, aditivos anti-desgaste y otros que no da\u00f1an sellos ni empaques. En combinaci\u00f3n con el fluido portador, su mezcla de detergentes y [&hellip;]<\/p>\n","protected":false},"featured_media":2466,"template":"","meta":{"_acf_changed":false},"product_brand":[],"product_cat":[196],"product_tag":[],"class_list":{"0":"post-4775","1":"product","2":"type-product","3":"status-publish","4":"has-post-thumbnail","6":"product_cat-aditivos","8":"first","9":"instock","10":"shipping-taxable","11":"product-type-simple"},"acf":[],"_links":{"self":[{"href":"https:\/\/top1oil.com\/es\/wp-json\/wp\/v2\/product\/4775","targetHints":{"allow":["GET"]}}],"collection":[{"href":"https:\/\/top1oil.com\/es\/wp-json\/wp\/v2\/product"}],"about":[{"href":"https:\/\/top1oil.com\/es\/wp-json\/wp\/v2\/types\/product"}],"wp:featuredmedia":[{"embeddable":true,"href":"https:\/\/top1oil.com\/es\/wp-json\/wp\/v2\/media\/2466"}],"wp:attachment":[{"href":"https:\/\/top1oil.com\/es\/wp-json\/wp\/v2\/media?parent=4775"}],"wp:term":[{"taxonomy":"product_brand","embeddable":true,"href":"https:\/\/top1oil.com\/es\/wp-json\/wp\/v2\/product_brand?post=4775"},{"taxonomy":"product_cat","embeddable":true,"href":"https:\/\/top1oil.com\/es\/wp-json\/wp\/v2\/product_cat?post=4775"},{"taxonomy":"product_tag","embeddable":true,"href":"https:\/\/top1oil.com\/es\/wp-json\/wp\/v2\/product_tag?post=4775"}],"curies":[{"name":"wp","href":"https:\/\/api.w.org\/{rel}","templated":true}]}}