{"id":4778,"date":"2025-05-05T10:47:05","date_gmt":"2025-05-05T10:47:05","guid":{"rendered":"https:\/\/top1oil.com\/product\/mv-atf-aceite-para-transmision-automatica-multi-vehiculo\/"},"modified":"2025-05-05T10:47:05","modified_gmt":"2025-05-05T10:47:05","slug":"mv-atf-aceite-para-transmision-automatica-multi-vehiculo","status":"publish","type":"product","link":"https:\/\/top1oil.com\/es\/producto\/mv-atf-aceite-para-transmision-automatica-multi-vehiculo\/","title":{"rendered":"MV ATF &#8211; Aceite para transmisi\u00f3n autom\u00e1tica\u200b multi-veh\u00edculo"},"content":{"rendered":"<p>TOP 1 Multi-Vehicle Automatic Transmission Fluid (MV ATF) es un aceite para transmisi\u00f3n autom\u00e1tica\u200b 100% sint\u00e9tico de alta viscosidad. Formulado cuidadosamente para cumplir y superar las diversas especificaciones de numerosos fabricantes de equipo original (OEM). Dise\u00f1ado espec\u00edficamente para transmisiones autom\u00e1ticas escalonadas, TOP 1 MV ATF cuenta con un sistema de aditivos perfectamente balanceado. Garantiza estabilidad excepcional frente a la oxidaci\u00f3n, excelente resistencia a la formaci\u00f3n de espuma, alta resistencia al calor y protecci\u00f3n robusta contra corrosi\u00f3n y desgaste. Est\u00e1 pensado para mantener tu transmisi\u00f3n funcionando de manera suave y confiable. Puedes estar seguro de que TOP 1 MV ATF no solo cumple, sino que supera las especificaciones actuales de aceites para transmisiones autom\u00e1ticas\u200b OEM, incluyendo los \u00faltimos requisitos de fabricantes l\u00edderes como GM, Ford, Chrysler, Toyota, Mitsubishi, Saab y muchos m\u00e1s. Es la opci\u00f3n confiable para la transmisi\u00f3n de tu veh\u00edculo.<\/p>\n","protected":false},"excerpt":{"rendered":"<p>TOP 1 Multi-Vehicle Automatic Transmission Fluid (MV ATF) es un aceite para transmisi\u00f3n autom\u00e1tica\u200b 100% sint\u00e9tico de alta viscosidad. Formulado cuidadosamente para cumplir y superar las diversas especificaciones de numerosos fabricantes de equipo original (OEM). Dise\u00f1ado espec\u00edficamente para transmisiones autom\u00e1ticas escalonadas, TOP 1 MV ATF cuenta con un sistema de aditivos perfectamente balanceado. Garantiza estabilidad [&hellip;]<\/p>\n","protected":false},"featured_media":2050,"template":"","meta":{"_acf_changed":false},"product_brand":[],"product_cat":[60],"product_tag":[],"class_list":{"0":"post-4778","1":"product","2":"type-product","3":"status-publish","4":"has-post-thumbnail","6":"product_cat-aftermarket-additives","8":"first","9":"instock","10":"shipping-taxable","11":"product-type-simple"},"acf":[],"_links":{"self":[{"href":"https:\/\/top1oil.com\/es\/wp-json\/wp\/v2\/product\/4778","targetHints":{"allow":["GET"]}}],"collection":[{"href":"https:\/\/top1oil.com\/es\/wp-json\/wp\/v2\/product"}],"about":[{"href":"https:\/\/top1oil.com\/es\/wp-json\/wp\/v2\/types\/product"}],"wp:featuredmedia":[{"embeddable":true,"href":"https:\/\/top1oil.com\/es\/wp-json\/wp\/v2\/media\/2050"}],"wp:attachment":[{"href":"https:\/\/top1oil.com\/es\/wp-json\/wp\/v2\/media?parent=4778"}],"wp:term":[{"taxonomy":"product_brand","embeddable":true,"href":"https:\/\/top1oil.com\/es\/wp-json\/wp\/v2\/product_brand?post=4778"},{"taxonomy":"product_cat","embeddable":true,"href":"https:\/\/top1oil.com\/es\/wp-json\/wp\/v2\/product_cat?post=4778"},{"taxonomy":"product_tag","embeddable":true,"href":"https:\/\/top1oil.com\/es\/wp-json\/wp\/v2\/product_tag?post=4778"}],"curies":[{"name":"wp","href":"https:\/\/api.w.org\/{rel}","templated":true}]}}