{"id":4784,"date":"2025-05-02T15:37:24","date_gmt":"2025-05-02T15:37:24","guid":{"rendered":"https:\/\/top1oil.com\/product\/tratamiento-para-aceite-de-motor\/"},"modified":"2026-03-26T15:19:15","modified_gmt":"2026-03-26T15:19:15","slug":"tratamiento-para-aceite-de-motor","status":"publish","type":"product","link":"https:\/\/top1oil.com\/es\/producto\/tratamiento-para-aceite-de-motor\/","title":{"rendered":"Tratamiento para aceite de motor"},"content":{"rendered":"<p>ENGINE OIL TREATMENT &#8211; Tratamiento para Aceite de Motor es un aditivo de aceite de acci\u00f3n r\u00e1pida y multi-potencia, dise\u00f1ado para motores de alto rendimiento. Compatible con motores a gasolina y di\u00e9sel. Aumenta el \u00edndice de viscosidad del aceite, asegurando una pel\u00edcula de aceite m\u00e1s gruesa a altas temperaturas. Cubre el motor con una pel\u00edcula protectora que previene el desgaste prematuro, mejora el rendimiento y prolonga la vida del motor. Ayuda a reducir la quema de aceite, disminuye el ruido de los taqu\u00e9s hidr\u00e1ulicos y mejora la compresi\u00f3n. Recomendado para motores a gasolina y di\u00e9sel.<\/p>\n","protected":false},"excerpt":{"rendered":"<p>ENGINE OIL TREATMENT &#8211; Tratamiento para Aceite de Motor es un aditivo de aceite de acci\u00f3n r\u00e1pida y multi-potencia, dise\u00f1ado para motores de alto rendimiento. Compatible con motores a gasolina y di\u00e9sel. Aumenta el \u00edndice de viscosidad del aceite, asegurando una pel\u00edcula de aceite m\u00e1s gruesa a altas temperaturas. Cubre el motor con una pel\u00edcula [&hellip;]<\/p>\n","protected":false},"featured_media":599,"template":"","meta":{"_acf_changed":false},"product_brand":[],"product_cat":[196],"product_tag":[],"class_list":{"0":"post-4784","1":"product","2":"type-product","3":"status-publish","4":"has-post-thumbnail","6":"product_cat-aditivos","8":"first","9":"instock","10":"shipping-taxable","11":"product-type-simple"},"acf":[],"_links":{"self":[{"href":"https:\/\/top1oil.com\/es\/wp-json\/wp\/v2\/product\/4784","targetHints":{"allow":["GET"]}}],"collection":[{"href":"https:\/\/top1oil.com\/es\/wp-json\/wp\/v2\/product"}],"about":[{"href":"https:\/\/top1oil.com\/es\/wp-json\/wp\/v2\/types\/product"}],"wp:featuredmedia":[{"embeddable":true,"href":"https:\/\/top1oil.com\/es\/wp-json\/wp\/v2\/media\/599"}],"wp:attachment":[{"href":"https:\/\/top1oil.com\/es\/wp-json\/wp\/v2\/media?parent=4784"}],"wp:term":[{"taxonomy":"product_brand","embeddable":true,"href":"https:\/\/top1oil.com\/es\/wp-json\/wp\/v2\/product_brand?post=4784"},{"taxonomy":"product_cat","embeddable":true,"href":"https:\/\/top1oil.com\/es\/wp-json\/wp\/v2\/product_cat?post=4784"},{"taxonomy":"product_tag","embeddable":true,"href":"https:\/\/top1oil.com\/es\/wp-json\/wp\/v2\/product_tag?post=4784"}],"curies":[{"name":"wp","href":"https:\/\/api.w.org\/{rel}","templated":true}]}}