{"id":4786,"date":"2025-05-05T10:41:09","date_gmt":"2025-05-05T10:41:09","guid":{"rendered":"https:\/\/top1oil.com\/product\/mv-ulv-atf-aceite-para-transmision-automatica-multi-vehiculo-de-viscosidad-ultrabaja\/"},"modified":"2025-05-05T10:41:09","modified_gmt":"2025-05-05T10:41:09","slug":"mv-ulv-atf-aceite-para-transmision-automatica-multi-vehiculo-de-viscosidad-ultrabaja","status":"publish","type":"product","link":"https:\/\/top1oil.com\/es\/producto\/mv-ulv-atf-aceite-para-transmision-automatica-multi-vehiculo-de-viscosidad-ultrabaja\/","title":{"rendered":"MV ULV ATF &#8211; Aceite para transmisi\u00f3n autom\u00e1tica multi-veh\u00edculo de viscosidad ultrabaja"},"content":{"rendered":"<p>TOP 1 MV ULV ATF es un aceite para transmisi\u00f3n autom\u00e1tica avanzada 100\u202f% sint\u00e9tico, de ultra baja viscosidad y alta velocidad. Formulado con aceites base sint\u00e9ticos premium y un paquete de aditivos robusto, cumple y supera los requisitos de rendimiento de transmisiones de 9 y 10 velocidades actuales. <\/p>\n","protected":false},"excerpt":{"rendered":"<p>TOP 1 MV ULV ATF es un aceite para transmisi\u00f3n autom\u00e1tica avanzada 100\u202f% sint\u00e9tico, de ultra baja viscosidad y alta velocidad. Formulado con aceites base sint\u00e9ticos premium y un paquete de aditivos robusto, cumple y supera los requisitos de rendimiento de transmisiones de 9 y 10 velocidades actuales.<\/p>\n","protected":false},"featured_media":2407,"template":"","meta":{"_acf_changed":false},"product_brand":[],"product_cat":[60],"product_tag":[],"class_list":{"0":"post-4786","1":"product","2":"type-product","3":"status-publish","4":"has-post-thumbnail","6":"product_cat-aftermarket-additives","8":"first","9":"instock","10":"shipping-taxable","11":"product-type-simple"},"acf":[],"_links":{"self":[{"href":"https:\/\/top1oil.com\/es\/wp-json\/wp\/v2\/product\/4786","targetHints":{"allow":["GET"]}}],"collection":[{"href":"https:\/\/top1oil.com\/es\/wp-json\/wp\/v2\/product"}],"about":[{"href":"https:\/\/top1oil.com\/es\/wp-json\/wp\/v2\/types\/product"}],"wp:featuredmedia":[{"embeddable":true,"href":"https:\/\/top1oil.com\/es\/wp-json\/wp\/v2\/media\/2407"}],"wp:attachment":[{"href":"https:\/\/top1oil.com\/es\/wp-json\/wp\/v2\/media?parent=4786"}],"wp:term":[{"taxonomy":"product_brand","embeddable":true,"href":"https:\/\/top1oil.com\/es\/wp-json\/wp\/v2\/product_brand?post=4786"},{"taxonomy":"product_cat","embeddable":true,"href":"https:\/\/top1oil.com\/es\/wp-json\/wp\/v2\/product_cat?post=4786"},{"taxonomy":"product_tag","embeddable":true,"href":"https:\/\/top1oil.com\/es\/wp-json\/wp\/v2\/product_tag?post=4786"}],"curies":[{"name":"wp","href":"https:\/\/api.w.org\/{rel}","templated":true}]}}