{"id":4791,"date":"2025-05-05T10:50:37","date_gmt":"2025-05-05T10:50:37","guid":{"rendered":"https:\/\/top1oil.com\/product\/super-atf-aceite-para-transmision-automatica-dexron-iii\/"},"modified":"2025-05-05T10:50:37","modified_gmt":"2025-05-05T10:50:37","slug":"super-atf-aceite-para-transmision-automatica-dexron-iii","status":"publish","type":"product","link":"https:\/\/top1oil.com\/es\/producto\/super-atf-aceite-para-transmision-automatica-dexron-iii\/","title":{"rendered":"SUPER ATF &#8211; Aceite para transmisi\u00f3n autom\u00e1tica\u200b DEXRON III"},"content":{"rendered":"<p>TOP 1 SUPER ATF es un aceite para transmisi\u00f3n autom\u00e1tica DEXRON III\u200b. Est\u00e1 dise\u00f1ado para la mayor\u00eda de transmisiones autom\u00e1ticas donde se recomiendan fluidos DEXRON III o MERCON. Es un fluido de transmisi\u00f3n multiusos de alto rendimiento que proporciona cambios suaves, consistentes y protecci\u00f3n completa de todos los componentes de la transmisi\u00f3n. Recomendado para transmisiones autom\u00e1ticas en autos, camionetas y veh\u00edculos pesados, as\u00ed como para direcci\u00f3n asistida y sistemas hidr\u00e1ulicos m\u00f3viles.  <\/p>\n<p>Cumple los requisitos de fluidos DEXRON III, MERCON, ALLISON C4 y Caterpillar TO-2, as\u00ed como los requerimientos de bombas DENISON y VICKERS. <\/p>\n","protected":false},"excerpt":{"rendered":"<p>TOP 1 SUPER ATF es un aceite para transmisi\u00f3n autom\u00e1tica DEXRON III\u200b. Est\u00e1 dise\u00f1ado para la mayor\u00eda de transmisiones autom\u00e1ticas donde se recomiendan fluidos DEXRON III o MERCON. Es un fluido de transmisi\u00f3n multiusos de alto rendimiento que proporciona cambios suaves, consistentes y protecci\u00f3n completa de todos los componentes de la transmisi\u00f3n. Recomendado para transmisiones [&hellip;]<\/p>\n","protected":false},"featured_media":2415,"template":"","meta":{"_acf_changed":false},"product_brand":[],"product_cat":[60],"product_tag":[],"class_list":{"0":"post-4791","1":"product","2":"type-product","3":"status-publish","4":"has-post-thumbnail","6":"product_cat-aftermarket-additives","8":"first","9":"instock","10":"shipping-taxable","11":"product-type-simple"},"acf":[],"_links":{"self":[{"href":"https:\/\/top1oil.com\/es\/wp-json\/wp\/v2\/product\/4791","targetHints":{"allow":["GET"]}}],"collection":[{"href":"https:\/\/top1oil.com\/es\/wp-json\/wp\/v2\/product"}],"about":[{"href":"https:\/\/top1oil.com\/es\/wp-json\/wp\/v2\/types\/product"}],"wp:featuredmedia":[{"embeddable":true,"href":"https:\/\/top1oil.com\/es\/wp-json\/wp\/v2\/media\/2415"}],"wp:attachment":[{"href":"https:\/\/top1oil.com\/es\/wp-json\/wp\/v2\/media?parent=4791"}],"wp:term":[{"taxonomy":"product_brand","embeddable":true,"href":"https:\/\/top1oil.com\/es\/wp-json\/wp\/v2\/product_brand?post=4791"},{"taxonomy":"product_cat","embeddable":true,"href":"https:\/\/top1oil.com\/es\/wp-json\/wp\/v2\/product_cat?post=4791"},{"taxonomy":"product_tag","embeddable":true,"href":"https:\/\/top1oil.com\/es\/wp-json\/wp\/v2\/product_tag?post=4791"}],"curies":[{"name":"wp","href":"https:\/\/api.w.org\/{rel}","templated":true}]}}