{"id":4879,"date":"2025-05-02T15:28:22","date_gmt":"2025-05-02T15:28:22","guid":{"rendered":"https:\/\/top1oil.com\/product\/diesel-power-booster-limpiador-de-sistema-de-combustible\/"},"modified":"2026-03-26T15:29:04","modified_gmt":"2026-03-26T15:29:04","slug":"diesel-power-booster-limpiador-de-sistema-de-combustible","status":"publish","type":"product","link":"https:\/\/top1oil.com\/es\/producto\/diesel-power-booster-limpiador-de-sistema-de-combustible\/","title":{"rendered":"Di\u00e9sel Power Booster &#8211; Limpiador de sistema de combustible"},"content":{"rendered":"<p>DIESEL POWER BOOSTER &#8211; Limpiador de sistema de combustible para Di\u00e9sel HD es un tratamiento completo para el sistema de combustible y aditivo di\u00e9sel, dise\u00f1ado para limpiar todo el sistema de combustible. Formulado con mejorador de cetano para optimizar la combusti\u00f3n, la potencia del motor y la aceleraci\u00f3n. <\/p>\n<p>Adopta tecnolog\u00eda dual de dispersi\u00f3n extremadamente limpia y grasa compuesta de polieter, adecuado para motores di\u00e9sel ligeros y pesados, de alta y baja velocidad. Di\u00e9sel Power Booster contiene componentes especiales que reducen desgaste, aumentan la lubricidad con combustibles bajos en azufre, resisten la corrosi\u00f3n y mejoran econom\u00eda de combustible y emisiones. <\/p>\n","protected":false},"excerpt":{"rendered":"<p>DIESEL POWER BOOSTER &#8211; Limpiador de sistema de combustible para Di\u00e9sel HD es un tratamiento completo para el sistema de combustible y aditivo di\u00e9sel, dise\u00f1ado para limpiar todo el sistema de combustible. Formulado con mejorador de cetano para optimizar la combusti\u00f3n, la potencia del motor y la aceleraci\u00f3n. Adopta tecnolog\u00eda dual de dispersi\u00f3n extremadamente limpia [&hellip;]<\/p>\n","protected":false},"featured_media":2455,"template":"","meta":{"_acf_changed":false},"product_brand":[],"product_cat":[196],"product_tag":[],"class_list":{"0":"post-4879","1":"product","2":"type-product","3":"status-publish","4":"has-post-thumbnail","6":"product_cat-aditivos","8":"first","9":"instock","10":"shipping-taxable","11":"product-type-simple"},"acf":[],"_links":{"self":[{"href":"https:\/\/top1oil.com\/es\/wp-json\/wp\/v2\/product\/4879","targetHints":{"allow":["GET"]}}],"collection":[{"href":"https:\/\/top1oil.com\/es\/wp-json\/wp\/v2\/product"}],"about":[{"href":"https:\/\/top1oil.com\/es\/wp-json\/wp\/v2\/types\/product"}],"wp:featuredmedia":[{"embeddable":true,"href":"https:\/\/top1oil.com\/es\/wp-json\/wp\/v2\/media\/2455"}],"wp:attachment":[{"href":"https:\/\/top1oil.com\/es\/wp-json\/wp\/v2\/media?parent=4879"}],"wp:term":[{"taxonomy":"product_brand","embeddable":true,"href":"https:\/\/top1oil.com\/es\/wp-json\/wp\/v2\/product_brand?post=4879"},{"taxonomy":"product_cat","embeddable":true,"href":"https:\/\/top1oil.com\/es\/wp-json\/wp\/v2\/product_cat?post=4879"},{"taxonomy":"product_tag","embeddable":true,"href":"https:\/\/top1oil.com\/es\/wp-json\/wp\/v2\/product_tag?post=4879"}],"curies":[{"name":"wp","href":"https:\/\/api.w.org\/{rel}","templated":true}]}}