{"id":4882,"date":"2025-07-24T09:41:20","date_gmt":"2025-07-24T09:41:20","guid":{"rendered":"https:\/\/top1oil.com\/product\/limpiador-de-cadena-moto-super\/"},"modified":"2025-07-24T09:41:20","modified_gmt":"2025-07-24T09:41:20","slug":"limpiador-de-cadena-moto-super","status":"publish","type":"product","link":"https:\/\/top1oil.com\/es\/producto\/limpiador-de-cadena-moto-super\/","title":{"rendered":"Limpiador de cadena moto SUPER"},"content":{"rendered":"<p>TOP 1 Super Chain Cleaner &#8211; Limpiador de cadena moto SUPER elimina todos los dep\u00f3sitos contaminantes, lodos de aceite, fricci\u00f3n, polvo y suciedad en cadenas selladas por aceite y mec\u00e1nicas de todo tipo de motocicletas. Es especialmente adecuado para cadenas selladas tipo O, X y Z.<\/p>\n","protected":false},"excerpt":{"rendered":"<p>TOP 1 Super Chain Cleaner &#8211; Limpiador de cadena moto SUPER elimina todos los dep\u00f3sitos contaminantes, lodos de aceite, fricci\u00f3n, polvo y suciedad en cadenas selladas por aceite y mec\u00e1nicas de todo tipo de motocicletas. Es especialmente adecuado para cadenas selladas tipo O, X y Z.<\/p>\n","protected":false},"featured_media":2470,"template":"","meta":{"_acf_changed":false},"product_brand":[],"product_cat":[196],"product_tag":[],"class_list":{"0":"post-4882","1":"product","2":"type-product","3":"status-publish","4":"has-post-thumbnail","6":"product_cat-aditivos","8":"first","9":"instock","10":"shipping-taxable","11":"product-type-simple"},"acf":[],"_links":{"self":[{"href":"https:\/\/top1oil.com\/es\/wp-json\/wp\/v2\/product\/4882","targetHints":{"allow":["GET"]}}],"collection":[{"href":"https:\/\/top1oil.com\/es\/wp-json\/wp\/v2\/product"}],"about":[{"href":"https:\/\/top1oil.com\/es\/wp-json\/wp\/v2\/types\/product"}],"wp:featuredmedia":[{"embeddable":true,"href":"https:\/\/top1oil.com\/es\/wp-json\/wp\/v2\/media\/2470"}],"wp:attachment":[{"href":"https:\/\/top1oil.com\/es\/wp-json\/wp\/v2\/media?parent=4882"}],"wp:term":[{"taxonomy":"product_brand","embeddable":true,"href":"https:\/\/top1oil.com\/es\/wp-json\/wp\/v2\/product_brand?post=4882"},{"taxonomy":"product_cat","embeddable":true,"href":"https:\/\/top1oil.com\/es\/wp-json\/wp\/v2\/product_cat?post=4882"},{"taxonomy":"product_tag","embeddable":true,"href":"https:\/\/top1oil.com\/es\/wp-json\/wp\/v2\/product_tag?post=4882"}],"curies":[{"name":"wp","href":"https:\/\/api.w.org\/{rel}","templated":true}]}}