{"id":4884,"date":"2025-05-02T15:39:54","date_gmt":"2025-05-02T15:39:54","guid":{"rendered":"https:\/\/top1oil.com\/product\/cera-sintetica-para-cadenas\/"},"modified":"2025-05-02T15:39:54","modified_gmt":"2025-05-02T15:39:54","slug":"cera-sintetica-para-cadenas","status":"publish","type":"product","link":"https:\/\/top1oil.com\/es\/producto\/cera-sintetica-para-cadenas\/","title":{"rendered":"Cera sint\u00e9tica para cadenas"},"content":{"rendered":"<p>SYNTHETIC CHAIN LUBE &#8211; Cera sint\u00e9tica para cadenas con PTFE es una f\u00f3rmula espec\u00edficamente desarrollada para cadenas, reduciendo la resistencia al rodamiento, mejorando la transmisi\u00f3n de potencia y optimizando las propiedades de lubricaci\u00f3n a altas velocidades y temperaturas. Dise\u00f1ado para proporcionar una pel\u00edcula de aceite fuerte y resistente, protege cadena y anillos de sellado. Aplicable a motocicletas, bicicletas, ciclomotores y ATV. Especialmente adecuado para cadenas selladas tipo O, X y Z.   <\/p>\n","protected":false},"excerpt":{"rendered":"<p>SYNTHETIC CHAIN LUBE &#8211; Cera sint\u00e9tica para cadenas con PTFE es una f\u00f3rmula espec\u00edficamente desarrollada para cadenas, reduciendo la resistencia al rodamiento, mejorando la transmisi\u00f3n de potencia y optimizando las propiedades de lubricaci\u00f3n a altas velocidades y temperaturas. Dise\u00f1ado para proporcionar una pel\u00edcula de aceite fuerte y resistente, protege cadena y anillos de sellado. Aplicable [&hellip;]<\/p>\n","protected":false},"featured_media":2469,"template":"","meta":{"_acf_changed":false},"product_brand":[],"product_cat":[196],"product_tag":[],"class_list":{"0":"post-4884","1":"product","2":"type-product","3":"status-publish","4":"has-post-thumbnail","6":"product_cat-aditivos","8":"first","9":"instock","10":"shipping-taxable","11":"product-type-simple"},"acf":[],"_links":{"self":[{"href":"https:\/\/top1oil.com\/es\/wp-json\/wp\/v2\/product\/4884","targetHints":{"allow":["GET"]}}],"collection":[{"href":"https:\/\/top1oil.com\/es\/wp-json\/wp\/v2\/product"}],"about":[{"href":"https:\/\/top1oil.com\/es\/wp-json\/wp\/v2\/types\/product"}],"wp:featuredmedia":[{"embeddable":true,"href":"https:\/\/top1oil.com\/es\/wp-json\/wp\/v2\/media\/2469"}],"wp:attachment":[{"href":"https:\/\/top1oil.com\/es\/wp-json\/wp\/v2\/media?parent=4884"}],"wp:term":[{"taxonomy":"product_brand","embeddable":true,"href":"https:\/\/top1oil.com\/es\/wp-json\/wp\/v2\/product_brand?post=4884"},{"taxonomy":"product_cat","embeddable":true,"href":"https:\/\/top1oil.com\/es\/wp-json\/wp\/v2\/product_cat?post=4884"},{"taxonomy":"product_tag","embeddable":true,"href":"https:\/\/top1oil.com\/es\/wp-json\/wp\/v2\/product_tag?post=4884"}],"curies":[{"name":"wp","href":"https:\/\/api.w.org\/{rel}","templated":true}]}}