{"id":4890,"date":"2025-05-02T15:36:39","date_gmt":"2025-05-02T15:36:39","guid":{"rendered":"https:\/\/top1oil.com\/product\/top-green-super-oil-treatment-engine-additive\/"},"modified":"2025-05-02T15:36:39","modified_gmt":"2025-05-02T15:36:39","slug":"top-green-super-oil-treatment-engine-additive","status":"publish","type":"product","link":"https:\/\/top1oil.com\/es\/producto\/top-green-super-oil-treatment-engine-additive\/","title":{"rendered":"Top Green Super Oil Treatment Engine Additive"},"content":{"rendered":"<p>TOP TRATAMIENTO GREEN SUPER OIL es el \u00faltimo avance en tecnolog\u00eda de aditivos para c\u00e1rter. La f\u00f3rmula 3 en 1 de TOP GREEN est\u00e1 dise\u00f1ada para ofrecer los siguientes beneficios: <\/p>\n<p>1. Mejorador del \u00edndice de viscosidad \u2013 Resiste la degradaci\u00f3n del aceite<br \/>\n2. Modificador de fricci\u00f3n \u2013 Mezcla exclusiva de molibdeno org\u00e1nico que reduce significativamente el desgaste de cobre en comparaci\u00f3n con tratamientos comunes<br \/>\n3. Tratamiento de motor \u2013 La propiedad \u201cviscosa adherente\u201d de TOP GREEN asegura lubricaci\u00f3n adecuada en todas las partes internas del motor, evitando contacto metal con metal al arranque, donde ocurre el 80% del desgaste del motor<\/p>\n","protected":false},"excerpt":{"rendered":"<p>TOP TRATAMIENTO GREEN SUPER OIL es el \u00faltimo avance en tecnolog\u00eda de aditivos para c\u00e1rter. La f\u00f3rmula 3 en 1 de TOP GREEN est\u00e1 dise\u00f1ada para ofrecer los siguientes beneficios: 1. Mejorador del \u00edndice de viscosidad \u2013 Resiste la degradaci\u00f3n del aceite 2. Modificador de fricci\u00f3n \u2013 Mezcla exclusiva de molibdeno org\u00e1nico que reduce significativamente [&hellip;]<\/p>\n","protected":false},"featured_media":2468,"template":"","meta":{"_acf_changed":false},"product_brand":[],"product_cat":[196],"product_tag":[],"class_list":{"0":"post-4890","1":"product","2":"type-product","3":"status-publish","4":"has-post-thumbnail","6":"product_cat-aditivos","8":"first","9":"instock","10":"shipping-taxable","11":"product-type-simple"},"acf":[],"_links":{"self":[{"href":"https:\/\/top1oil.com\/es\/wp-json\/wp\/v2\/product\/4890","targetHints":{"allow":["GET"]}}],"collection":[{"href":"https:\/\/top1oil.com\/es\/wp-json\/wp\/v2\/product"}],"about":[{"href":"https:\/\/top1oil.com\/es\/wp-json\/wp\/v2\/types\/product"}],"wp:featuredmedia":[{"embeddable":true,"href":"https:\/\/top1oil.com\/es\/wp-json\/wp\/v2\/media\/2468"}],"wp:attachment":[{"href":"https:\/\/top1oil.com\/es\/wp-json\/wp\/v2\/media?parent=4890"}],"wp:term":[{"taxonomy":"product_brand","embeddable":true,"href":"https:\/\/top1oil.com\/es\/wp-json\/wp\/v2\/product_brand?post=4890"},{"taxonomy":"product_cat","embeddable":true,"href":"https:\/\/top1oil.com\/es\/wp-json\/wp\/v2\/product_cat?post=4890"},{"taxonomy":"product_tag","embeddable":true,"href":"https:\/\/top1oil.com\/es\/wp-json\/wp\/v2\/product_tag?post=4890"}],"curies":[{"name":"wp","href":"https:\/\/api.w.org\/{rel}","templated":true}]}}