{"id":4893,"date":"2025-05-02T15:23:34","date_gmt":"2025-05-02T15:23:34","guid":{"rendered":"https:\/\/top1oil.com\/product\/evo-ne-anticongelante\/"},"modified":"2025-05-02T15:23:34","modified_gmt":"2025-05-02T15:23:34","slug":"evo-ne-anticongelante","status":"publish","type":"product","link":"https:\/\/top1oil.com\/es\/producto\/evo-ne-anticongelante\/","title":{"rendered":"EVO-NE Anticongelante"},"content":{"rendered":"<p>TOP 1 XK-EV Anticongelante es un fluido de baja conductividad dise\u00f1ado para equilibrar la seguridad el\u00e9ctrica y la prevenci\u00f3n de corrosi\u00f3n. Este anticongelante es esencial para veh\u00edculos el\u00e9ctricos (EV) para asegurar un manejo t\u00e9rmico adecuado y la m\u00e1xima seguridad. Su f\u00f3rmula \u00fanica disipa el exceso de calor, manteniendo las bater\u00edas a la temperatura ideal.  <\/p>\n<p>EVO-NE Anticongelante se prepara con glicol de polietileno y agua terciaria de ultra baja conductividad, junto con aditivos compuestos especiales de baja conductividad. La tecnolog\u00eda de inhibidores de corrosi\u00f3n no i\u00f3nicos es adecuada para sistemas de gesti\u00f3n t\u00e9rmica de varios veh\u00edculos el\u00e9ctricos, ofreciendo excelente protecci\u00f3n contra la corrosi\u00f3n de cobre rojo, lat\u00f3n, acero, aluminio fundido, aleaciones de aluminio series 3, 4 y 6, y otros metales del sistema. <\/p>\n","protected":false},"excerpt":{"rendered":"<p>TOP 1 XK-EV Anticongelante es un fluido de baja conductividad dise\u00f1ado para equilibrar la seguridad el\u00e9ctrica y la prevenci\u00f3n de corrosi\u00f3n. Este anticongelante es esencial para veh\u00edculos el\u00e9ctricos (EV) para asegurar un manejo t\u00e9rmico adecuado y la m\u00e1xima seguridad. Su f\u00f3rmula \u00fanica disipa el exceso de calor, manteniendo las bater\u00edas a la temperatura ideal. EVO-NE [&hellip;]<\/p>\n","protected":false},"featured_media":3155,"template":"","meta":{"_acf_changed":false},"product_brand":[],"product_cat":[60],"product_tag":[],"class_list":{"0":"post-4893","1":"product","2":"type-product","3":"status-publish","4":"has-post-thumbnail","6":"product_cat-aftermarket-additives","8":"first","9":"instock","10":"shipping-taxable","11":"product-type-simple"},"acf":[],"_links":{"self":[{"href":"https:\/\/top1oil.com\/es\/wp-json\/wp\/v2\/product\/4893","targetHints":{"allow":["GET"]}}],"collection":[{"href":"https:\/\/top1oil.com\/es\/wp-json\/wp\/v2\/product"}],"about":[{"href":"https:\/\/top1oil.com\/es\/wp-json\/wp\/v2\/types\/product"}],"wp:featuredmedia":[{"embeddable":true,"href":"https:\/\/top1oil.com\/es\/wp-json\/wp\/v2\/media\/3155"}],"wp:attachment":[{"href":"https:\/\/top1oil.com\/es\/wp-json\/wp\/v2\/media?parent=4893"}],"wp:term":[{"taxonomy":"product_brand","embeddable":true,"href":"https:\/\/top1oil.com\/es\/wp-json\/wp\/v2\/product_brand?post=4893"},{"taxonomy":"product_cat","embeddable":true,"href":"https:\/\/top1oil.com\/es\/wp-json\/wp\/v2\/product_cat?post=4893"},{"taxonomy":"product_tag","embeddable":true,"href":"https:\/\/top1oil.com\/es\/wp-json\/wp\/v2\/product_tag?post=4893"}],"curies":[{"name":"wp","href":"https:\/\/api.w.org\/{rel}","templated":true}]}}