{"id":4898,"date":"2025-05-02T15:34:31","date_gmt":"2025-05-02T15:34:31","guid":{"rendered":"https:\/\/top1oil.com\/product\/evolution-a-f-anticongelante\/"},"modified":"2025-05-02T15:34:31","modified_gmt":"2025-05-02T15:34:31","slug":"evolution-a-f-anticongelante","status":"publish","type":"product","link":"https:\/\/top1oil.com\/es\/producto\/evolution-a-f-anticongelante\/","title":{"rendered":"Evolution A\/F Anticongelante"},"content":{"rendered":"<div class=\"wpb_column vc_column_container vc_col-sm-6\">\n<div class=\"vc_column-inner\">\n<div class=\"wpb_wrapper\">\n<div class=\"wpb_text_column wpb_content_element \">\n<div class=\"wpb_wrapper\">\n<p>TOP 1 EVOLUTION A\/F es un anticongelante\/refrigerante totalmente formulado a base de glicol de etileno que protege su veh\u00edculo incluso en las condiciones m\u00e1s extremas. Evolution protege contra congelamiento, ebullici\u00f3n, \u00f3xido y corrosi\u00f3n. Especialmente formulado para larga vida, Evolution Coolant ofrece una vida \u00fatil esperada de 500,000 kil\u00f3metros o 7,000 horas, que puede extenderse hasta 1,000,000 kil\u00f3metros o 14,000 horas con TOP 1 Performance Extender.  <\/p>\n<p>EVOLUTION A\/F anticongelante es libre de nitritos y formulado con Tecnolog\u00eda de \u00c1cidos Org\u00e1nicos (OAT), una avanzada f\u00f3rmula de larga duraci\u00f3n compatible con todo tipo de anticongelantes\/refrigerantes convencionales y de larga vida.<\/p>\n<\/div>\n<\/div>\n<\/div>\n<\/div>\n<\/div>\n","protected":false},"excerpt":{"rendered":"<p>TOP 1 EVOLUTION A\/F es un anticongelante\/refrigerante totalmente formulado a base de glicol de etileno que protege su veh\u00edculo incluso en las condiciones m\u00e1s extremas. Evolution protege contra congelamiento, ebullici\u00f3n, \u00f3xido y corrosi\u00f3n. Especialmente formulado para larga vida, Evolution Coolant ofrece una vida \u00fatil esperada de 500,000 kil\u00f3metros o 7,000 horas, que puede extenderse hasta [&hellip;]<\/p>\n","protected":false},"featured_media":2376,"template":"","meta":{"_acf_changed":false},"product_brand":[],"product_cat":[60],"product_tag":[],"class_list":{"0":"post-4898","1":"product","2":"type-product","3":"status-publish","4":"has-post-thumbnail","6":"product_cat-aftermarket-additives","8":"first","9":"instock","10":"shipping-taxable","11":"product-type-simple"},"acf":[],"_links":{"self":[{"href":"https:\/\/top1oil.com\/es\/wp-json\/wp\/v2\/product\/4898","targetHints":{"allow":["GET"]}}],"collection":[{"href":"https:\/\/top1oil.com\/es\/wp-json\/wp\/v2\/product"}],"about":[{"href":"https:\/\/top1oil.com\/es\/wp-json\/wp\/v2\/types\/product"}],"wp:featuredmedia":[{"embeddable":true,"href":"https:\/\/top1oil.com\/es\/wp-json\/wp\/v2\/media\/2376"}],"wp:attachment":[{"href":"https:\/\/top1oil.com\/es\/wp-json\/wp\/v2\/media?parent=4898"}],"wp:term":[{"taxonomy":"product_brand","embeddable":true,"href":"https:\/\/top1oil.com\/es\/wp-json\/wp\/v2\/product_brand?post=4898"},{"taxonomy":"product_cat","embeddable":true,"href":"https:\/\/top1oil.com\/es\/wp-json\/wp\/v2\/product_cat?post=4898"},{"taxonomy":"product_tag","embeddable":true,"href":"https:\/\/top1oil.com\/es\/wp-json\/wp\/v2\/product_tag?post=4898"}],"curies":[{"name":"wp","href":"https:\/\/api.w.org\/{rel}","templated":true}]}}