{"id":4903,"date":"2025-05-02T15:35:36","date_gmt":"2025-05-02T15:35:36","guid":{"rendered":"https:\/\/top1oil.com\/product\/power-coolant-anticongelante\/"},"modified":"2025-05-02T15:35:36","modified_gmt":"2025-05-02T15:35:36","slug":"power-coolant-anticongelante","status":"publish","type":"product","link":"https:\/\/top1oil.com\/es\/producto\/power-coolant-anticongelante\/","title":{"rendered":"Power Coolant &#8211; Anticongelante"},"content":{"rendered":"<p>TOP 1 POWER COOLANT &#8211; Anticongelante es la protecci\u00f3n ideal para radiadores durante todo el a\u00f1o en climas tropicales y subtropicales. Su f\u00f3rmula \u00fanica ayuda a prolongar la vida \u00fatil de los componentes del sistema de enfriamiento y est\u00e1 reforzada con un paquete de aditivos exclusivo que combate la corrosi\u00f3n y la formaci\u00f3n de \u00f3xido. <\/p>\n","protected":false},"excerpt":{"rendered":"<p>TOP 1 POWER COOLANT &#8211; Anticongelante es la protecci\u00f3n ideal para radiadores durante todo el a\u00f1o en climas tropicales y subtropicales. Su f\u00f3rmula \u00fanica ayuda a prolongar la vida \u00fatil de los componentes del sistema de enfriamiento y est\u00e1 reforzada con un paquete de aditivos exclusivo que combate la corrosi\u00f3n y la formaci\u00f3n de \u00f3xido.<\/p>\n","protected":false},"featured_media":2484,"template":"","meta":{"_acf_changed":false},"product_brand":[],"product_cat":[60],"product_tag":[],"class_list":{"0":"post-4903","1":"product","2":"type-product","3":"status-publish","4":"has-post-thumbnail","6":"product_cat-aftermarket-additives","8":"first","9":"instock","10":"shipping-taxable","11":"product-type-simple"},"acf":[],"_links":{"self":[{"href":"https:\/\/top1oil.com\/es\/wp-json\/wp\/v2\/product\/4903","targetHints":{"allow":["GET"]}}],"collection":[{"href":"https:\/\/top1oil.com\/es\/wp-json\/wp\/v2\/product"}],"about":[{"href":"https:\/\/top1oil.com\/es\/wp-json\/wp\/v2\/types\/product"}],"wp:featuredmedia":[{"embeddable":true,"href":"https:\/\/top1oil.com\/es\/wp-json\/wp\/v2\/media\/2484"}],"wp:attachment":[{"href":"https:\/\/top1oil.com\/es\/wp-json\/wp\/v2\/media?parent=4903"}],"wp:term":[{"taxonomy":"product_brand","embeddable":true,"href":"https:\/\/top1oil.com\/es\/wp-json\/wp\/v2\/product_brand?post=4903"},{"taxonomy":"product_cat","embeddable":true,"href":"https:\/\/top1oil.com\/es\/wp-json\/wp\/v2\/product_cat?post=4903"},{"taxonomy":"product_tag","embeddable":true,"href":"https:\/\/top1oil.com\/es\/wp-json\/wp\/v2\/product_tag?post=4903"}],"curies":[{"name":"wp","href":"https:\/\/api.w.org\/{rel}","templated":true}]}}