{"id":5032,"date":"2025-05-07T10:23:57","date_gmt":"2025-05-07T10:23:57","guid":{"rendered":"https:\/\/top1oil.com\/product\/smo-mc-aceite-para-moto-4-tiempos\/"},"modified":"2026-04-08T07:59:52","modified_gmt":"2026-04-08T07:59:52","slug":"smo-mc-aceite-para-moto-4-tiempos","status":"publish","type":"product","link":"https:\/\/top1oil.com\/es\/producto\/smo-mc-aceite-para-moto-4-tiempos\/","title":{"rendered":"SMO-MC &#8211; Aceite para moto 4-tiempos\u200b"},"content":{"rendered":"<p>TOP 1 SMO-MC, aceite para moto 4-tiempos 20W-50 semisint\u00e9tico para motores 4T, es un aceite de alta calidad dise\u00f1ado para cumplir con los \u00faltimos requisitos de garant\u00eda de los fabricantes de motocicletas. SMO-MC es una f\u00f3rmula \u00fanica reforzada con un potente paquete de aditivos para brindar m\u00e1xima protecci\u00f3n. Estos aditivos especiales protegen el motor de la motocicleta contra la formaci\u00f3n de dep\u00f3sitos por altas temperaturas, la degradaci\u00f3n t\u00e9rmica y de viscosidad, y tambi\u00e9n previenen el desgaste causado por el uso diario, ya sea en ciudad congestionada o carretera abierta.<\/p>\n","protected":false},"excerpt":{"rendered":"<p>TOP 1 SMO-MC, aceite para moto 4-tiempos 20W-50 semisint\u00e9tico para motores 4T, es un aceite de alta calidad dise\u00f1ado para cumplir con los \u00faltimos requisitos de garant\u00eda de los fabricantes de motocicletas. SMO-MC es una f\u00f3rmula \u00fanica reforzada con un potente paquete de aditivos para brindar m\u00e1xima protecci\u00f3n. Estos aditivos especiales protegen el motor de [&hellip;]<\/p>\n","protected":false},"featured_media":5029,"template":"","meta":{"_acf_changed":false},"product_brand":[],"product_cat":[213],"product_tag":[],"class_list":{"0":"post-5032","1":"product","2":"type-product","3":"status-publish","4":"has-post-thumbnail","6":"product_cat-motocicleta","8":"first","9":"instock","10":"shipping-taxable","11":"product-type-simple"},"acf":[],"_links":{"self":[{"href":"https:\/\/top1oil.com\/es\/wp-json\/wp\/v2\/product\/5032","targetHints":{"allow":["GET"]}}],"collection":[{"href":"https:\/\/top1oil.com\/es\/wp-json\/wp\/v2\/product"}],"about":[{"href":"https:\/\/top1oil.com\/es\/wp-json\/wp\/v2\/types\/product"}],"wp:featuredmedia":[{"embeddable":true,"href":"https:\/\/top1oil.com\/es\/wp-json\/wp\/v2\/media\/5029"}],"wp:attachment":[{"href":"https:\/\/top1oil.com\/es\/wp-json\/wp\/v2\/media?parent=5032"}],"wp:term":[{"taxonomy":"product_brand","embeddable":true,"href":"https:\/\/top1oil.com\/es\/wp-json\/wp\/v2\/product_brand?post=5032"},{"taxonomy":"product_cat","embeddable":true,"href":"https:\/\/top1oil.com\/es\/wp-json\/wp\/v2\/product_cat?post=5032"},{"taxonomy":"product_tag","embeddable":true,"href":"https:\/\/top1oil.com\/es\/wp-json\/wp\/v2\/product_tag?post=5032"}],"curies":[{"name":"wp","href":"https:\/\/api.w.org\/{rel}","templated":true}]}}